{"id":14,"date":"2024-05-31T12:42:58","date_gmt":"2024-05-31T12:42:58","guid":{"rendered":"http:\/\/schuleanderfeuerwache.com\/?page_id=14"},"modified":"2026-03-02T11:54:13","modified_gmt":"2026-03-02T11:54:13","slug":"efoeb","status":"publish","type":"page","link":"https:\/\/schuleanderfeuerwache.com\/?page_id=14","title":{"rendered":"eF\u00f6B"},"content":{"rendered":"\n<h1 class=\"wp-block-heading\">Erg\u00e4nzende F\u00f6rderung und Betreuung<\/h1>\n\n\n\n<div class=\"wp-block-columns is-layout-flex wp-container-core-columns-is-layout-9d6595d7 wp-block-columns-is-layout-flex\">\n<div class=\"wp-block-column is-layout-flow wp-block-column-is-layout-flow\" style=\"flex-basis:100%\">\n<div class=\"wp-block-columns is-layout-flex wp-container-core-columns-is-layout-9d6595d7 wp-block-columns-is-layout-flex\">\n<div class=\"wp-block-column is-layout-flow wp-block-column-is-layout-flow\">\n<p>Alle Berliner Grundschulen sind Ganztagsgrundschulen. Unsere Schulform ist der offene Ganztagsbetrieb. Alle Sch\u00fclerinnen und Sch\u00fcler werden verl\u00e4sslich in der Zeit von <strong>7.30 bis 13.30<\/strong> Uhr betreut. \u00a0Zus\u00e4tzlich k\u00f6nnen verschiedene Betreuungsmodule in Anspruch genommen werden. Der jeweilige Vertrag wird von den Eltern mit dem f\u00fcr uns zust\u00e4ndigen Jugendamt abgeschlossen. Hier finden Sie die Unterlagen zur eF\u00f6B <mark style=\"background-color:rgba(0, 0, 0, 0)\" class=\"has-inline-color has-vivid-green-cyan-color\"><\/mark><a href=\"https:\/\/service.berlin.de\/dienstleistung\/324901\/\" target=\"_blank\"><mark style=\"background-color:rgba(0, 0, 0, 0)\" class=\"has-inline-color has-vivid-cyan-blue-color\">Beantragung<\/mark><\/a>. Die vollst\u00e4ndig ausgef\u00fcllten Antr\u00e4ge m\u00fcssen bei uns in der Schule abgegeben werden. Wir leiten diese an das <a href=\"https:\/\/service.berlin.de\/standort\/123613\/\" target=\"_blank\"><mark style=\"background-color:rgba(0, 0, 0, 0)\" class=\"has-inline-color has-vivid-cyan-blue-color\">Jugendamt<\/mark><\/a> weiter.<\/p>\n\n\n\n<p>Die erg\u00e4nzende F\u00f6rderung und Betreuung unserer Sch\u00fclerinnen und Sch\u00fcler der Klassenstufen 1-6 wird vor und nach der Unterrichtszeit (eF\u00f6B) durch Angebote unseres Erzieherteams sichergestellt.<\/p>\n\n\n\n<p><strong>Im Schuljahr 2025\/26 werden unsere Sch\u00fcler und Sch\u00fclerinnen von <\/strong><\/p>\n\n\n\n<ul class=\"wp-block-list\">\n<li>24 Regelerzieher*innen<\/li>\n\n\n\n<li>4 Erzieher*innen in berufsbegleitender Ausbildung<\/li>\n\n\n\n<li>5 Fachkr\u00e4fte f\u00fcr Integration<\/li>\n\n\n\n<li>1 Koordinierenden Fachkraft<\/li>\n<\/ul>\n\n\n\n<p>\u00fcber den gesamten Tag begleitet. Wir sind von Montag bis Freitag in der <strong>Zeit von 06:00-18:00 Uhr<\/strong> vor Ort. Auch in den Ferien wird die Betreuung der Kinder an unserer Schule gew\u00e4hrleistet. In dieser Zeit findet ein abwechslungsreiches Ferienprogramm mit Angeboten vor Ort und Ausfl\u00fcgen statt.<\/p>\n<\/div>\n\n\n\n<div class=\"wp-block-column is-layout-flow wp-block-column-is-layout-flow\">\n<h2 class=\"wp-block-heading\">Kontaktdaten des eF\u00f6B<\/h2>\n\n\n\n<p><strong>Telefon<\/strong>: 030 \/ 63 10 43 87<br><strong>Fax<\/strong>: 030 \/ 63 22 96 30<\/p>\n\n\n\n<p><strong>E-Mail<\/strong>:<mark style=\"background-color:rgba(0, 0, 0, 0)\" class=\"has-inline-color has-vivid-cyan-blue-color\"> <a href=\"mailto:efoeb@gs-afw.de\">efoeb@gs-afw.de<\/a> <\/mark><br>(Ferienanmeldungen, Anfragen, Entschuldigungen etc.)<br><br>Alle eF\u00f6B Mitarbeiter*innen sind \u00fcber ihre pers\u00f6nliche Dienstmailadresse erreichbar. Diese erhalten Sie zu Beginn des Schuljahres.<\/p>\n\n\n\n<p>Zur Sicherheit ihres Kindes nehmen wir weder telefonisch noch per Mail Vollmachten entgegen. Diese m\u00fcssen uns in schriftlicher Form pers\u00f6nlich durch Sie oder Ihr Kind \u00fcbergeben werden.<\/p>\n\n\n\n<blockquote class=\"wp-block-quote is-layout-flow wp-block-quote-is-layout-flow\">\n<h3 class=\"wp-block-heading\"><strong><em>Wichtig f\u00fcr alle zuk\u00fcnftigen Sch\u00fcler und Sch\u00fclerinnen<\/em><\/strong><\/h3>\n\n\n\n<p>Beachten Sie, dass am 31.7.2026 das Kita\/Schuljahr endet und Ihr Kind mit einem g\u00fcltigen eF\u00f6B Vertrag ab dem 1.8.2026 bei uns betreut werden kann.<\/p>\n\n\n\n<p>Hier geht es zu den <mark style=\"background-color:rgba(0, 0, 0, 0)\" class=\"has-inline-color has-vivid-cyan-blue-color\">Anmeldeunterlagen<\/mark> <mark style=\"background-color:rgba(0, 0, 0, 0)\" class=\"has-inline-color has-vivid-cyan-blue-color\">(<strong><a href=\"https:\/\/schuleanderfeuerwache.com\/wp-content\/uploads\/2026\/02\/Abfrage-neue-1.Kl-Sommer-26-ab-1.8.26.pdf\" data-type=\"link\" data-id=\"https:\/\/schuleanderfeuerwache.com\/wp-content\/uploads\/2026\/02\/Abfrage-neue-1.Kl-Sommer-26-ab-1.8.26.pdf\">Abfrage Sommerferien 1.Klasse<\/a>, <a href=\"https:\/\/schuleanderfeuerwache.com\/wp-content\/uploads\/2026\/02\/Angabenbogen-Schuljahr-_________.pdf\">Angabenbogen<\/a><\/strong>)<\/mark><\/p>\n<\/blockquote>\n<\/div>\n<\/div>\n\n\n\n<div style=\"height:66px\" aria-hidden=\"true\" class=\"wp-block-spacer\"><\/div>\n<\/div>\n<\/div>\n\n\n\n<h2 class=\"wp-block-heading\">Das machen wir<\/h2>\n\n\n\n<div class=\"wp-block-columns is-layout-flex wp-container-core-columns-is-layout-9d6595d7 wp-block-columns-is-layout-flex\">\n<div class=\"wp-block-column is-layout-flow wp-block-column-is-layout-flow\" style=\"flex-basis:100%\">\n<figure class=\"wp-block-table is-style-stripes\"><table class=\"has-fixed-layout\"><tbody><tr><td class=\"has-text-align-left\" data-align=\"left\"><strong>Zeit<\/strong><\/td><td class=\"has-text-align-left\" data-align=\"left\"><strong>Das machen wir<\/strong><\/td><\/tr><tr><td class=\"has-text-align-left\" data-align=\"left\">06:00 &#8211; 07:30 Uhr<\/td><td class=\"has-text-align-left\" data-align=\"left\">Fr\u00fchbetreuung der Kinder mit entsprechendem eF\u00f6B Vertrag<\/td><\/tr><tr><td class=\"has-text-align-left\" data-align=\"left\">07:30 &#8211; 13:30 Uhr<\/td><td class=\"has-text-align-left\" data-align=\"left\">VHG Zeit f\u00fcr alle Sch\u00fcler*innen unserer Schule<br>&#8211; Unterst\u00fctzung unserer Sch\u00fcler*innen im Unterricht<br>&#8211; Betreuung und F\u00f6rderung in Kleingruppen<br>&#8211; Begleitung zum Schwimmunterricht, zu Radfahr\u00fcbungen, zu schulischen Ausfl\u00fcgen<br>&#8211; Gestaltung des Mittagessens<br>&#8211; Aufsichtsf\u00fchrung im Schulgeb\u00e4ude und auf dem Gel\u00e4nde<br>&#8211; Teilnahme am Klassenrat und Unterst\u00fctzung des Sch\u00fclerparlamentes<br>&#8211; Beteiligung am Programm ,,Gute gesunde Schule\u201c<\/td><\/tr><tr><td class=\"has-text-align-left\" data-align=\"left\">13:30 &#8211; 16:00 Uhr<\/td><td class=\"has-text-align-left\" data-align=\"left\">eF\u00f6B Zeit f\u00fcr Sch\u00fcler*innen mit entsprechendem Vertrag<br>&#8211; T\u00e4gliche Gruppenzeit \/ Lernzeit zur St\u00e4rkung sozialer Kompetenzen und der Gemeinschaft<br>&#8211; Unterst\u00fctzung und Hilfestellung bei der Erledigung der Hausaufgaben&nbsp;<br><br>Fest integrierte Angebote in der f\u00fcr alle Kinder offenen Nachmittagszeit sind am <br><strong>Montag<\/strong>: Pokestop im Altbau und Ballsport auf dem Bolzplatz<br><strong>Dienstag<\/strong>: Schulgarten und Bibliothek sowie Fu\u00dfball-Quiz<br><strong>Mittwoch<\/strong>: Chor in der Aula und &#8222;Sei Kreativ&#8220; im MEB<br><strong>Donnerstag<\/strong>: Line-Dance in der Aula und kochen in der Schulk\u00fcche<br><strong>Freitag<\/strong>: &#8222;Sei Kreativ&#8220; im Altbau, Schulgarten,&nbsp;Besuch der Mittelpunkts- Bibliothek<\/td><\/tr><tr><td class=\"has-text-align-left\" data-align=\"left\">16:00 &#8211; 18:00 Uhr<\/td><td class=\"has-text-align-left\" data-align=\"left\">Sp\u00e4tbetreuung der Kinder mit entsprechendem eF\u00f6B Vertrag<\/td><\/tr><\/tbody><\/table><\/figure>\n<\/div>\n<\/div>\n\n\n\n<p><\/p>\n\n\n\n<div style=\"height:70px\" aria-hidden=\"true\" class=\"wp-block-spacer\"><\/div>\n\n\n\n<div class=\"wp-block-group is-vertical is-layout-flex wp-container-core-group-is-layout-8cf370e7 wp-block-group-is-layout-flex\">\n<h2 class=\"wp-block-heading has-text-align-left\">Elterninformation zur Anpassung der Tagesstruktur des eF\u00f6B im MEB (1. &amp; 2.Klasse)<\/h2>\n\n\n\n<div style=\"height:17px\" aria-hidden=\"true\" class=\"wp-block-spacer wp-container-content-fd0eeb70\"><\/div>\n<\/div>\n\n\n\n<figure class=\"wp-block-table is-style-stripes\"><table class=\"has-fixed-layout\"><tbody><tr><td><strong>Zeit<\/strong><\/td><td><strong>Das machen wir<\/strong><\/td><td><strong>Abholung<\/strong><\/td><\/tr><tr><td>12:40-13:15 Uhr<\/td><td>Hausaufgaben\/ Lernzeit\/ Gruppenzeit\/ Bewegung<\/td><td>nicht m\u00f6glich<\/td><\/tr><tr><td>11:00-13:50 Uhr<\/td><td>Mittagessen<\/td><td>nicht m\u00f6glich<\/td><\/tr><tr><td>13:30 Uhr<\/td><td>Betreuung f\u00fcr VHG endet<\/td><td>nur VHG<\/td><\/tr><tr><td>13:30-14:40 Uhr<\/td><td>Hausaufgaben\/ Lernzeit\/ Gruppenzeit\/ Bewegung<\/td><td>nicht m\u00f6glich<\/td><\/tr><tr><td>14:45-16:00 Uhr<\/td><td>&#8211; Offene Angebote laut Aushang<br>&#8211; Aufr\u00e4umen\/ Beendigung des Tages<br>&#8211; \u00dcbergabe Sp\u00e4tbetreuung<\/td><td>m\u00f6glich<br>Informationen im Foyer<\/td><\/tr><tr><td>Ab 16.00 Uhr<\/td><td>Sp\u00e4tbetreuung<\/td><td>m\u00f6glich<br>Informationen im Foyer<\/td><\/tr><\/tbody><\/table><\/figure>\n\n\n\n<div style=\"height:62px\" aria-hidden=\"true\" class=\"wp-block-spacer\"><\/div>\n\n\n\n<h2 class=\"wp-block-heading\">Externe Anbieter (mit Beitragspflicht)<\/h2>\n\n\n\n<figure class=\"wp-block-table is-style-stripes\"><table class=\"has-fixed-layout\"><tbody><tr><td><img loading=\"lazy\" decoding=\"async\" width=\"150\" height=\"135\" class=\"wp-image-107\" style=\"width: 150px;\" src=\"https:\/\/schuleanderfeuerwache.com\/wp-content\/uploads\/2025\/01\/Kindertanz.jpg\" alt=\"\"><\/td><td><strong>Kindertanz \u201eKids Dance!!!\u201c<\/strong><br>&nbsp;<br>Tel: 0171\/ 9317073<br><a href=\"mailto:kindertanz@pillepicture.de\">kindertanz@pillepicture.de<\/a><\/td><\/tr><tr><td><img loading=\"lazy\" decoding=\"async\" width=\"150\" height=\"141\" class=\"wp-image-108\" style=\"width: 150px;\" src=\"https:\/\/schuleanderfeuerwache.com\/wp-content\/uploads\/2025\/01\/Judo.png\" alt=\"\"><\/td><td><strong>&nbsp;<\/strong><br><strong>Judo<\/strong><br>&nbsp;<br><strong>PSV Olympia Berlin<\/strong><br>Abteilung: Judo<br>&nbsp;<br>Tel: 030\/3950983<br><a href=\"mailto:info@psv-olympia.net\">info@psv-olympia.net<\/a><br>&nbsp;<\/td><\/tr><tr><td><img loading=\"lazy\" decoding=\"async\" width=\"150\" height=\"138\" class=\"wp-image-109\" style=\"width: 150px;\" src=\"https:\/\/schuleanderfeuerwache.com\/wp-content\/uploads\/2025\/01\/Turnen.jpg\" alt=\"\"><\/td><td><strong>Turnen<\/strong><br><strong>&nbsp;<\/strong><br><strong>PSV Olympia<\/strong><br>Abteilung Turnen und Freizeitsport<br>&nbsp;<br><a href=\"http:\/\/www.psvolympiaberlinturnen.de\/\">http:\/\/www.psvolympiaberlinturnen.de<\/a><\/td><\/tr><tr><td><img loading=\"lazy\" decoding=\"async\" width=\"150\" height=\"93\" class=\"wp-image-110\" style=\"width: 150px;\" src=\"https:\/\/schuleanderfeuerwache.com\/wp-content\/uploads\/2025\/01\/Englisch.jpg\" alt=\"\" srcset=\"https:\/\/schuleanderfeuerwache.com\/wp-content\/uploads\/2025\/01\/Englisch.jpg 314w, https:\/\/schuleanderfeuerwache.com\/wp-content\/uploads\/2025\/01\/Englisch-300x186.jpg 300w\" sizes=\"auto, (max-width: 150px) 100vw, 150px\" \/><\/td><td><strong>&nbsp;<\/strong><br><strong>English<\/strong><br>(F\u00fcr Erstkl\u00e4ssler*innen &#8211; Beginn nach den Oktoberferien)<br>&nbsp;<br><a href=\"mailto:l.north-englishathome@t-online.de\">l.north-englishathome@t-online.de<\/a><\/td><\/tr><tr><td><img loading=\"lazy\" decoding=\"async\" width=\"112\" height=\"114\" class=\"wp-image-111\" style=\"width: 112px;\" src=\"https:\/\/schuleanderfeuerwache.com\/wp-content\/uploads\/2025\/01\/Gitarre.jpg\" alt=\"\"><\/td><td><strong>Gitarre<\/strong><br>&nbsp;<br><strong>Musikschule Joseph Schmidt<\/strong><br><strong>&nbsp;<\/strong><br>Tel.: 030\/90297 3839<br>juliane.rahloff@ba-tk.berlin.de<\/td><\/tr><\/tbody><\/table><\/figure>\n\n\n\n<p><\/p>\n","protected":false},"excerpt":{"rendered":"<p>Erg\u00e4nzende F\u00f6rderung und Betreuung Alle Berliner Grundschulen sind Ganztagsgrundschulen. Unsere Schulform ist der offene Ganztagsbetrieb. Alle Sch\u00fclerinnen und Sch\u00fcler werden verl\u00e4sslich in der Zeit von 7.30 bis 13.30 Uhr betreut. \u00a0Zus\u00e4tzlich k\u00f6nnen verschiedene Betreuungsmodule in Anspruch genommen werden. Der jeweilige Vertrag wird von den Eltern mit dem f\u00fcr uns zust\u00e4ndigen Jugendamt abgeschlossen. Hier finden Sie [&hellip;]<\/p>\n","protected":false},"author":1,"featured_media":0,"parent":0,"menu_order":0,"comment_status":"closed","ping_status":"closed","template":"","meta":{"ocean_post_layout":"full-width","ocean_both_sidebars_style":"","ocean_both_sidebars_content_width":0,"ocean_both_sidebars_sidebars_width":0,"ocean_sidebar":"","ocean_second_sidebar":"","ocean_disable_margins":"enable","ocean_add_body_class":"","ocean_shortcode_before_top_bar":"","ocean_shortcode_after_top_bar":"","ocean_shortcode_before_header":"","ocean_shortcode_after_header":"","ocean_has_shortcode":"","ocean_shortcode_after_title":"","ocean_shortcode_before_footer_widgets":"","ocean_shortcode_after_footer_widgets":"","ocean_shortcode_before_footer_bottom":"","ocean_shortcode_after_footer_bottom":"","ocean_display_top_bar":"default","ocean_display_header":"default","ocean_header_style":"","ocean_center_header_left_menu":"","ocean_custom_header_template":"","ocean_custom_logo":0,"ocean_custom_retina_logo":0,"ocean_custom_logo_max_width":0,"ocean_custom_logo_tablet_max_width":0,"ocean_custom_logo_mobile_max_width":0,"ocean_custom_logo_max_height":0,"ocean_custom_logo_tablet_max_height":0,"ocean_custom_logo_mobile_max_height":0,"ocean_header_custom_menu":"","ocean_menu_typo_font_family":"","ocean_menu_typo_font_subset":"","ocean_menu_typo_font_size":0,"ocean_menu_typo_font_size_tablet":0,"ocean_menu_typo_font_size_mobile":0,"ocean_menu_typo_font_size_unit":"px","ocean_menu_typo_font_weight":"","ocean_menu_typo_font_weight_tablet":"","ocean_menu_typo_font_weight_mobile":"","ocean_menu_typo_transform":"","ocean_menu_typo_transform_tablet":"","ocean_menu_typo_transform_mobile":"","ocean_menu_typo_line_height":0,"ocean_menu_typo_line_height_tablet":0,"ocean_menu_typo_line_height_mobile":0,"ocean_menu_typo_line_height_unit":"","ocean_menu_typo_spacing":0,"ocean_menu_typo_spacing_tablet":0,"ocean_menu_typo_spacing_mobile":0,"ocean_menu_typo_spacing_unit":"","ocean_menu_link_color":"","ocean_menu_link_color_hover":"","ocean_menu_link_color_active":"","ocean_menu_link_background":"","ocean_menu_link_hover_background":"","ocean_menu_link_active_background":"","ocean_menu_social_links_bg":"","ocean_menu_social_hover_links_bg":"","ocean_menu_social_links_color":"","ocean_menu_social_hover_links_color":"","ocean_disable_title":"on","ocean_disable_heading":"default","ocean_post_title":"","ocean_post_subheading":"","ocean_post_title_style":"","ocean_post_title_background_color":"","ocean_post_title_background":0,"ocean_post_title_bg_image_position":"","ocean_post_title_bg_image_attachment":"","ocean_post_title_bg_image_repeat":"","ocean_post_title_bg_image_size":"","ocean_post_title_height":0,"ocean_post_title_bg_overlay":0.5,"ocean_post_title_bg_overlay_color":"","ocean_disable_breadcrumbs":"default","ocean_breadcrumbs_color":"","ocean_breadcrumbs_separator_color":"","ocean_breadcrumbs_links_color":"","ocean_breadcrumbs_links_hover_color":"","ocean_display_footer_widgets":"default","ocean_display_footer_bottom":"default","ocean_custom_footer_template":"","footnotes":""},"class_list":["post-14","page","type-page","status-publish","hentry","entry"],"_links":{"self":[{"href":"https:\/\/schuleanderfeuerwache.com\/index.php?rest_route=\/wp\/v2\/pages\/14","targetHints":{"allow":["GET"]}}],"collection":[{"href":"https:\/\/schuleanderfeuerwache.com\/index.php?rest_route=\/wp\/v2\/pages"}],"about":[{"href":"https:\/\/schuleanderfeuerwache.com\/index.php?rest_route=\/wp\/v2\/types\/page"}],"author":[{"embeddable":true,"href":"https:\/\/schuleanderfeuerwache.com\/index.php?rest_route=\/wp\/v2\/users\/1"}],"replies":[{"embeddable":true,"href":"https:\/\/schuleanderfeuerwache.com\/index.php?rest_route=%2Fwp%2Fv2%2Fcomments&post=14"}],"version-history":[{"count":71,"href":"https:\/\/schuleanderfeuerwache.com\/index.php?rest_route=\/wp\/v2\/pages\/14\/revisions"}],"predecessor-version":[{"id":865,"href":"https:\/\/schuleanderfeuerwache.com\/index.php?rest_route=\/wp\/v2\/pages\/14\/revisions\/865"}],"wp:attachment":[{"href":"https:\/\/schuleanderfeuerwache.com\/index.php?rest_route=%2Fwp%2Fv2%2Fmedia&parent=14"}],"curies":[{"name":"wp","href":"https:\/\/api.w.org\/{rel}","templated":true}]}}