{"id":17,"date":"2024-05-31T12:42:58","date_gmt":"2024-05-31T12:42:58","guid":{"rendered":"http:\/\/schuleanderfeuerwache.com\/?page_id=17"},"modified":"2026-03-29T14:11:14","modified_gmt":"2026-03-29T14:11:14","slug":"wichtige-dokumente","status":"publish","type":"page","link":"https:\/\/schuleanderfeuerwache.com\/?page_id=17","title":{"rendered":"Wichtige Dokumente"},"content":{"rendered":"\n<h2 class=\"wp-block-heading\">Dokumente f\u00fcr Eltern<\/h2>\n\n\n\n<h3 class=\"wp-block-heading\">Schulanmeldung<\/h3>\n\n\n\n<ul class=\"wp-block-list\">\n<li><a href=\"https:\/\/schuleanderfeuerwache.com\/wp-content\/uploads\/2025\/06\/Einwilligung-Fotos.pdf\">Einwilligung Fotos pdf<\/a><\/li>\n<\/ul>\n\n\n\n<div style=\"height:35px\" aria-hidden=\"true\" class=\"wp-block-spacer\"><\/div>\n\n\n\n<h3 class=\"wp-block-heading\">Schulalltag<\/h3>\n\n\n\n<ul class=\"wp-block-list\">\n<li><a href=\"https:\/\/schuleanderfeuerwache.com\/wp-content\/uploads\/2025\/06\/Erklaerung-Unterrichtsversaeumnis.pdf\">Unterrichtsvers\u00e4umnis pdf<\/a><\/li>\n\n\n\n<li><a href=\"https:\/\/schuleanderfeuerwache.com\/wp-content\/uploads\/2025\/06\/Antrag-auf-Beurlaubung_1-Tag-oder-laenger.pdf\">Antrag auf Beurlaubung pdf<\/a><\/li>\n\n\n\n<li><a href=\"https:\/\/schuleanderfeuerwache.com\/wp-content\/uploads\/2025\/06\/Antrag-auf-Beurlaubung_Einzelstunden.pdf\">Antrag auf Beurlaubung Einzelstunden pdf<\/a><\/li>\n\n\n\n<li><a href=\"https:\/\/schuleanderfeuerwache.com\/wp-content\/uploads\/2025\/06\/Antrag-auf-Befreiung-vom-Sportunterricht.pdf\">Antrag auf Befreiung vom Sportunterricht pdf<\/a><\/li>\n<\/ul>\n\n\n\n<div class=\"wp-block-group is-nowrap is-layout-flex wp-container-core-group-is-layout-ad2f72ca wp-block-group-is-layout-flex\">\n<h3 class=\"wp-block-heading\">Materiallisten<\/h3>\n\n\n\n<div style=\"height:35px;width:0px\" aria-hidden=\"true\" class=\"wp-block-spacer wp-container-content-8af585c5\"><\/div>\n<\/div>\n\n\n\n<ul class=\"wp-block-list\">\n<li><a href=\"https:\/\/schuleanderfeuerwache.com\/wp-content\/uploads\/2025\/07\/Materialliste-fuer-Ersties1.pdf\">1. Klasse (Materialliste)<\/a><\/li>\n\n\n\n<li><a href=\"https:\/\/schuleanderfeuerwache.com\/wp-content\/uploads\/2026\/03\/MateriallisteKlasse-3c_2526.pdf\">3. Klasse (Materialliste)<\/a><\/li>\n<\/ul>\n\n\n\n<div style=\"height:35px\" aria-hidden=\"true\" class=\"wp-block-spacer\"><\/div>\n\n\n\n<h3 class=\"wp-block-heading\">eF\u00f6B<\/h3>\n\n\n\n<ul class=\"wp-block-list\">\n<li><a href=\"https:\/\/schuleanderfeuerwache.com\/wp-content\/uploads\/2026\/02\/Angabenbogen-Schuljahr-_________.pdf\" data-type=\"link\" data-id=\"https:\/\/schuleanderfeuerwache.com\/wp-content\/uploads\/2026\/02\/Angabenbogen-Schuljahr-_________.pdf\">Angabenbogen pdf<\/a><\/li>\n\n\n\n<li><a href=\"https:\/\/schuleanderfeuerwache.com\/wp-content\/uploads\/2026\/03\/Ferienpass-innenaussen.docx-1.Woche_.pdf\">Ferienpass Ostern 1. Woche pdf<\/a><\/li>\n\n\n\n<li><a href=\"https:\/\/schuleanderfeuerwache.com\/wp-content\/uploads\/2026\/03\/Ferienpass-innenaussen.docx-2.Woche_.pdf\">Ferienpass Ostern 2. Woche pdf<\/a><\/li>\n<\/ul>\n\n\n\n<div style=\"height:35px\" aria-hidden=\"true\" class=\"wp-block-spacer\"><\/div>\n\n\n\n<h2 class=\"wp-block-heading\">Merkbl\u00e4tter f\u00fcr Eltern<\/h2>\n\n\n\n<ul class=\"wp-block-list\">\n<li><a href=\"https:\/\/schuleanderfeuerwache.com\/wp-content\/uploads\/2025\/06\/Eltern_Belehrungen-fuer-Eltern-und-sonstige-Sorgeberechtigte.pdf\">Beurlaubungen und Befreiungen<\/a><\/li>\n\n\n\n<li><a href=\"https:\/\/schuleanderfeuerwache.com\/wp-content\/uploads\/2025\/06\/Merkblatt-fuer-die-Teilnahme-am-Sportunterricht.pdf\">Sportunterricht<\/a><\/li>\n\n\n\n<li><a href=\"https:\/\/schuleanderfeuerwache.com\/wp-content\/uploads\/2025\/06\/Belehrungsbogen_Infektionsschutzgesetz.pdf\">Infektionsschutzgesetz<\/a><\/li>\n<\/ul>\n\n\n\n<p><\/p>\n","protected":false},"excerpt":{"rendered":"<p>Dokumente f\u00fcr Eltern Schulanmeldung Schulalltag Materiallisten eF\u00f6B Merkbl\u00e4tter f\u00fcr Eltern<\/p>\n","protected":false},"author":1,"featured_media":0,"parent":0,"menu_order":0,"comment_status":"closed","ping_status":"closed","template":"","meta":{"ocean_post_layout":"","ocean_both_sidebars_style":"","ocean_both_sidebars_content_width":0,"ocean_both_sidebars_sidebars_width":0,"ocean_sidebar":"","ocean_second_sidebar":"","ocean_disable_margins":"enable","ocean_add_body_class":"","ocean_shortcode_before_top_bar":"","ocean_shortcode_after_top_bar":"","ocean_shortcode_before_header":"","ocean_shortcode_after_header":"","ocean_has_shortcode":"","ocean_shortcode_after_title":"","ocean_shortcode_before_footer_widgets":"","ocean_shortcode_after_footer_widgets":"","ocean_shortcode_before_footer_bottom":"","ocean_shortcode_after_footer_bottom":"","ocean_display_top_bar":"default","ocean_display_header":"default","ocean_header_style":"","ocean_center_header_left_menu":"","ocean_custom_header_template":"","ocean_custom_logo":0,"ocean_custom_retina_logo":0,"ocean_custom_logo_max_width":0,"ocean_custom_logo_tablet_max_width":0,"ocean_custom_logo_mobile_max_width":0,"ocean_custom_logo_max_height":0,"ocean_custom_logo_tablet_max_height":0,"ocean_custom_logo_mobile_max_height":0,"ocean_header_custom_menu":"","ocean_menu_typo_font_family":"","ocean_menu_typo_font_subset":"","ocean_menu_typo_font_size":0,"ocean_menu_typo_font_size_tablet":0,"ocean_menu_typo_font_size_mobile":0,"ocean_menu_typo_font_size_unit":"px","ocean_menu_typo_font_weight":"","ocean_menu_typo_font_weight_tablet":"","ocean_menu_typo_font_weight_mobile":"","ocean_menu_typo_transform":"","ocean_menu_typo_transform_tablet":"","ocean_menu_typo_transform_mobile":"","ocean_menu_typo_line_height":0,"ocean_menu_typo_line_height_tablet":0,"ocean_menu_typo_line_height_mobile":0,"ocean_menu_typo_line_height_unit":"","ocean_menu_typo_spacing":0,"ocean_menu_typo_spacing_tablet":0,"ocean_menu_typo_spacing_mobile":0,"ocean_menu_typo_spacing_unit":"","ocean_menu_link_color":"","ocean_menu_link_color_hover":"","ocean_menu_link_color_active":"","ocean_menu_link_background":"","ocean_menu_link_hover_background":"","ocean_menu_link_active_background":"","ocean_menu_social_links_bg":"","ocean_menu_social_hover_links_bg":"","ocean_menu_social_links_color":"","ocean_menu_social_hover_links_color":"","ocean_disable_title":"default","ocean_disable_heading":"default","ocean_post_title":"","ocean_post_subheading":"","ocean_post_title_style":"","ocean_post_title_background_color":"","ocean_post_title_background":0,"ocean_post_title_bg_image_position":"","ocean_post_title_bg_image_attachment":"","ocean_post_title_bg_image_repeat":"","ocean_post_title_bg_image_size":"","ocean_post_title_height":0,"ocean_post_title_bg_overlay":0.5,"ocean_post_title_bg_overlay_color":"","ocean_disable_breadcrumbs":"default","ocean_breadcrumbs_color":"","ocean_breadcrumbs_separator_color":"","ocean_breadcrumbs_links_color":"","ocean_breadcrumbs_links_hover_color":"","ocean_display_footer_widgets":"default","ocean_display_footer_bottom":"default","ocean_custom_footer_template":"","footnotes":""},"class_list":["post-17","page","type-page","status-publish","hentry","entry"],"_links":{"self":[{"href":"https:\/\/schuleanderfeuerwache.com\/index.php?rest_route=\/wp\/v2\/pages\/17","targetHints":{"allow":["GET"]}}],"collection":[{"href":"https:\/\/schuleanderfeuerwache.com\/index.php?rest_route=\/wp\/v2\/pages"}],"about":[{"href":"https:\/\/schuleanderfeuerwache.com\/index.php?rest_route=\/wp\/v2\/types\/page"}],"author":[{"embeddable":true,"href":"https:\/\/schuleanderfeuerwache.com\/index.php?rest_route=\/wp\/v2\/users\/1"}],"replies":[{"embeddable":true,"href":"https:\/\/schuleanderfeuerwache.com\/index.php?rest_route=%2Fwp%2Fv2%2Fcomments&post=17"}],"version-history":[{"count":16,"href":"https:\/\/schuleanderfeuerwache.com\/index.php?rest_route=\/wp\/v2\/pages\/17\/revisions"}],"predecessor-version":[{"id":891,"href":"https:\/\/schuleanderfeuerwache.com\/index.php?rest_route=\/wp\/v2\/pages\/17\/revisions\/891"}],"wp:attachment":[{"href":"https:\/\/schuleanderfeuerwache.com\/index.php?rest_route=%2Fwp%2Fv2%2Fmedia&parent=17"}],"curies":[{"name":"wp","href":"https:\/\/api.w.org\/{rel}","templated":true}]}}