{"id":185,"date":"2025-02-20T10:17:04","date_gmt":"2025-02-20T10:17:04","guid":{"rendered":"http:\/\/schuleanderfeuerwache.com\/?page_id=185"},"modified":"2025-11-25T16:59:58","modified_gmt":"2025-11-25T16:59:58","slug":"schulsozialarbeit","status":"publish","type":"page","link":"https:\/\/schuleanderfeuerwache.com\/?page_id=185","title":{"rendered":"St\u00fctzsysteme"},"content":{"rendered":"\n<h2 class=\"wp-block-heading\">(Sozialarbeit, Psychologie &amp; Krankenschwester)<\/h2>\n\n\n\n<h3 class=\"wp-block-heading\">Schulsozialarbeit<\/h3>\n\n\n\n<p>Die Schulsozialarbeit an unserer Grundschule ist ein wichtiger Bestandteil und tr\u00e4gt dazu bei, ein positives und unterst\u00fctzendes Umfeld f\u00fcr alle Sch\u00fclerinnen und Sch\u00fcler zu schaffen.&nbsp;Das&nbsp;Ziel ist, die sozialen, emotionalen und pers\u00f6nlichen Kompetenzen der Kinder zu f\u00f6rdern und sie in ihrer individuellen Entwicklung zu unterst\u00fctzen.<br>Die Schulsozialarbeit f\u00f6rdert&nbsp;eine offene und vertrauensvolle Atmosph\u00e4re, in der sich die Kinder wohlf\u00fchlen und ihre Anliegen ernst genommen werden.<\/p>\n\n\n\n<p>Aufgaben&nbsp;der Schulsozialarbeit sind:&nbsp;Individuelle Beratung, Elternarbeit, Pr\u00e4vention und Vernetzung<\/p>\n\n\n\n<p>Wenn Sie Fragen zur Schulsozialarbeit haben oder Unterst\u00fctzung ben\u00f6tigen, z\u00f6gern Sie nicht,&nbsp;die&nbsp;Schulsozialarbeit zu kontaktieren.<\/p>\n\n\n\n<p>Kontakt:<\/p>\n\n\n\n<p>Frau Jeanette Braun<\/p>\n\n\n\n<p>Mo &#8211; Fr von 8 bis 16 Uhr&nbsp;<\/p>\n\n\n\n<p>Mobil: 0171 \/ 94 28 201<\/p>\n\n\n\n<p>Mail:&nbsp; &nbsp;<a href=\"mailto:j.braun@tjfbg.de\" target=\"_blank\" rel=\"noreferrer noopener\">j.braun@tjfbg.de<\/a><\/p>\n\n\n\n<hr class=\"wp-block-separator has-alpha-channel-opacity\"\/>\n\n\n\n<h3 class=\"wp-block-heading\">Schulpsychologie<\/h3>\n\n\n\n<p><strong>Angebote der Psychologie an Schulen<\/strong><\/p>\n\n\n\n<p>Unterst\u00fctzung des Schulpersonals, Eltern mit Informationen versorgen und Anzeichen psychischer Erkrankungen erkennen sowie ad\u00e4quat reagieren<\/p>\n\n\n\n<p>Dies beinhaltet Kenntnisse vom klinisch-psychologischen ICD-10\/DSM-5 sowohl Multitaxiales System der Kinder- und Jugendlichen psychologischer Anamnese und Testungen (Leistungsschwierigkeiten\u00a0und Leistungstestung, Verhaltensbesonderheiten usw.). Diese Testungen werden explizit nur als Verdacht angenommen (Einverst\u00e4ndniserkl\u00e4rung und gemeinsame Unterst\u00fctzung der Eltern) und nicht als gesicherte Diagnose! Diese ist werden nur bei psychologischen Psychotherapeuten\/innen, \u00c4rzte\/innen oder Psychiater\/innen durchgestellt. Dies dient als eine Orientierung wie wir die Bed\u00fcrfnisse von Kindern und Jugendlichen einsch\u00e4tzen und Sie dort abholen und gemeinsam mit den Eltern weitervermitteln k\u00f6nnen.<\/p>\n\n\n\n<p><strong>Gezielte und regelm\u00e4\u00dfige Beobachtungen im Unterricht der SuS und Fachkr\u00e4fte<\/strong><\/p>\n\n\n\n<p>Die Hospitation dient der Verhaltensbeobachtung der Sch\u00fcler\/innen sowie dem schulischen Personal und Erziehungsberechtigten das fachliche Beratungsangebote n\u00e4herzubringen. Um eine bessere und gezielte Einsch\u00e4tzung vom Verhalten der Sch\u00fcler\/innen zu erhalten, ist es notwendig die Klassendynamik zu beobachten, wie sich SuS im gro\u00dfen Gruppen verhalten, im Vergleich zu einzelnen Personen oder im Beratungssetting.<\/p>\n\n\n\n<p><strong>Regelm\u00e4\u00dfige Beratungsangebote durch externe Kooperationspartner und au\u00dferschulischer Institutionen:<\/strong><\/p>\n\n\n\n<ul class=\"wp-block-list\">\n<li>z.B. Sprechstunde durch Familienberatungsstelle<\/li>\n\n\n\n<li>KJPD<\/li>\n\n\n\n<li>Sozial psychiatrischen Dienst<\/li>\n\n\n\n<li>Kinderpsychiatrische Kliniken \/ Psychotherapeut\/innen<\/li>\n\n\n\n<li>Schul\u00e4rzt\/innen<\/li>\n\n\n\n<li>Systemischen Familientherapie<\/li>\n\n\n\n<li>Kooperationen mit anderen Psycholog\/innen an Schulen<\/li>\n\n\n\n<li>SIBUZ \/Schulpsycholog\/innen \/ Inklusionsp\u00e4dagog\/innen<\/li>\n\n\n\n<li>Jugendamt \/ Regionaler Soziale Dienst<\/li>\n\n\n\n<li>gemeinsame Absprache\/Austausch mit der Schulsozialarbeit\/innen und Au\u00dfenstellenvermittlung<\/li>\n<\/ul>\n\n\n\n<p>&#8211; Materialien f\u00fcr SuS zu regionalen und \u00fcberregionalen Beratungsangeboten (Flyer, Aush\u00e4nge)<\/p>\n\n\n\n<p>&#8211; Regelm\u00e4\u00dfige Einzelfallkonferenzen mit den am Fall beteiligten Lehrkr\u00e4ften, Erzieherinnen und Schulhelferinnen<\/p>\n\n\n\n<p>&#8211; Regelm\u00e4\u00dfige Fallberatungen mit einer schulinternen oder externen Beratungsfachkraft z.B F\u00f6rderdiagnostik<\/p>\n\n\n\n<p>&#8211; Einzel- und schulbezogene Beratung und Unterst\u00fctzung des inklusiven Schulalltags, sowohl sch\u00fclerbezogene Unterst\u00fctzung und Beratung zur individuellen Perspektive<\/p>\n\n\n\n<p>&#8211; Beratung von Sch\u00fclern und Sch\u00fclerinnen und ihren Erziehungsberechtigten bei Lern- und Leistungsschwierigkeiten im Kontext individueller und sozialer Verhaltensbesonderheiten sowie bei der F\u00f6rderung besonderer Begabungen und Potenziale.<\/p>\n\n\n\n<p>&#8211; F\u00f6rderung erfolgt insbesondere im Bereich der emotionalen und sozialen Entwicklung sowie der kognitiven F\u00f6rderung.<\/p>\n\n\n\n<p>&#8211; unterrichtsbezogene F\u00f6rder- bzw. Schutzma\u00dfnahmen (Unterricht bei Anspannungszust\u00e4nden verlassen, Wutanf\u00e4lle etc.)<\/p>\n\n\n\n<p>&#8211; Vorschl\u00e4ge f\u00fcr Nachteilsausgleiche erarbeiten und mit den p\u00e4dagogischen Mitarbeiter\/innen besprechen<\/p>\n\n\n\n<p>&#8211; Handlungsleitfaden f\u00fcr Kriseninterventionen (z.B. Pr\u00e4vention, Suizidank\u00fcndigungen, selbst verletzendes Verhalten in der Schule oder ernsthafte Drohungen usw.)<\/p>\n\n\n\n<p>&#8211; Entwicklung von psychoedukativen Schulkonzepten mit dem multiprofessionellen Team<br><\/p>\n\n\n\n<p>Meine Sprechzeiten befinden sich zwischen Montag-Freitag von 8:00\u201311:00 &amp; 14:00\u201316:00<\/p>\n\n\n\n<p>F\u00fcr fachliche Fragen oder Beratung stehe ich gerne zur Verf\u00fcgung.<\/p>\n\n\n\n<p>Alexander von Gradowski<\/p>\n\n\n\n<p>(er\/ihm)<\/p>\n\n\n\n<p>Tel: 030 63229555<\/p>\n\n\n\n<p>Mail:&nbsp;<a rel=\"noreferrer noopener\" href=\"mailto:alexander.gradowski@gs-afw.de\" target=\"_blank\">alexander.gradowski@gs-afw.de<\/a><\/p>\n\n\n\n<hr class=\"wp-block-separator has-alpha-channel-opacity\"\/>\n\n\n\n<h3 class=\"wp-block-heading\">Schulkrankenschwester (Schulgesundheitsfachkraft)<\/h3>\n\n\n\n<p>Die Schulkrankenschwester hat einen zentralen Bestandteil der Schule, um ein gesundes, sicheres und unterst\u00fctzendes Umfeld f\u00fcr alle Sch\u00fclerinnen und Sch\u00fcler zu schaffen. Ziel ist es, die Gesundheit der Kinder zu erhalten, akute Beschwerden zu lindern und langfristig gesundheitsbezogene Kompetenzen zu f\u00f6rdern, damit sich die Kinder in ihrer individuellen Entwicklung bestm\u00f6glich entfalten k\u00f6nnen.<\/p>\n\n\n\n<p>Die Schulkrankenschwester sorgt f\u00fcr eine offene und vertrauensvolle Atmosph\u00e4re, in der sich die Sch\u00fclerinnen und Sch\u00fcler wohlf\u00fchlen, ihre gesundheitlichen Anliegen ernst genommen werden und zeitnah Hilfe erhalten.&nbsp;<\/p>\n\n\n\n<p>Aufgaben der Schulkrankenschwester sind: Erstversorgung, Medikamentenmanagement (ausschlie\u00dflich nach Absprache mit Eltern und nach Anordnung des behandelnden Arztes), Beratung zu Gesundheitsthemen, Pr\u00e4vention (z. B. Hygiene, Erste Hilfe) und Zusammenarbeit mit Eltern, Lehrkr\u00e4ften und dem schulischen Gesundheits- und Krisenteam.<\/p>\n\n\n\n<p>Wenn Sie Fragen zur schulischen Gesundheitsversorgung oder Unterst\u00fctzung ben\u00f6tigen, z\u00f6gern Sie nicht, die Schulkrankenschwester zu kontaktieren.<\/p>\n\n\n\n<p>Kontakt:&nbsp;<\/p>\n\n\n\n<p>Frau Franziska Bellach<\/p>\n\n\n\n<p>Tel.: 015141489367<\/p>\n\n\n\n<p>Email:&nbsp;<a href=\"mailto:bellach.GES@ba-tk.berlin.de\">bellach.GES@ba-tk.berlin.de<\/a><\/p>\n\n\n\n<p>Mo-Fr. 8:00-15:00<\/p>\n\n\n\n<p>Im MEB Raum D005<\/p>\n\n\n\n<p>Weitere Informationen finden Sie in dieser Schriftlichen Anfrage an das Abgeordnetenhaus:  <a href=\"https:\/\/pardok.parlament-berlin.de\/starweb\/adis\/citat\/VT\/19\/SchrAnfr\/S19-21290.pdf\" data-type=\"link\" data-id=\"https:\/\/pardok.parlament-berlin.de\/starweb\/adis\/citat\/VT\/19\/SchrAnfr\/S19-21290.pdf\">https:\/\/pardok.parlament-berlin.de\/starweb\/adis\/citat\/VT\/19\/SchrAnfr\/S19-21290.pdf<\/a><\/p>\n\n\n\n<p><\/p>\n\n\n\n<figure class=\"wp-block-embed\"><div class=\"wp-block-embed__wrapper\">\nhttps:\/\/www.vhsit.berlin.de\/VHSKURSE\/BusinessPages\/CourseDetail.aspx?id=765334\n<\/div><\/figure>\n\n\n\n<figure class=\"wp-block-embed\"><div class=\"wp-block-embed__wrapper\">\nhttps:\/\/www.vhsit.berlin.de\/VHSKURSE\/BusinessPages\/CourseDetail.aspx?id=765137\n<\/div><\/figure>\n","protected":false},"excerpt":{"rendered":"<p>(Sozialarbeit, Psychologie &amp; Krankenschwester) Schulsozialarbeit Die Schulsozialarbeit an unserer Grundschule ist ein wichtiger Bestandteil und tr\u00e4gt dazu bei, ein positives und unterst\u00fctzendes Umfeld f\u00fcr alle Sch\u00fclerinnen und Sch\u00fcler zu schaffen.&nbsp;Das&nbsp;Ziel ist, die sozialen, emotionalen und pers\u00f6nlichen Kompetenzen der Kinder zu f\u00f6rdern und sie in ihrer individuellen Entwicklung zu unterst\u00fctzen.Die Schulsozialarbeit f\u00f6rdert&nbsp;eine offene und vertrauensvolle Atmosph\u00e4re, [&hellip;]<\/p>\n","protected":false},"author":1,"featured_media":0,"parent":0,"menu_order":0,"comment_status":"closed","ping_status":"closed","template":"","meta":{"ocean_post_layout":"","ocean_both_sidebars_style":"","ocean_both_sidebars_content_width":0,"ocean_both_sidebars_sidebars_width":0,"ocean_sidebar":"","ocean_second_sidebar":"","ocean_disable_margins":"enable","ocean_add_body_class":"","ocean_shortcode_before_top_bar":"","ocean_shortcode_after_top_bar":"","ocean_shortcode_before_header":"","ocean_shortcode_after_header":"","ocean_has_shortcode":"","ocean_shortcode_after_title":"","ocean_shortcode_before_footer_widgets":"","ocean_shortcode_after_footer_widgets":"","ocean_shortcode_before_footer_bottom":"","ocean_shortcode_after_footer_bottom":"","ocean_display_top_bar":"default","ocean_display_header":"default","ocean_header_style":"","ocean_center_header_left_menu":"","ocean_custom_header_template":"","ocean_custom_logo":0,"ocean_custom_retina_logo":0,"ocean_custom_logo_max_width":0,"ocean_custom_logo_tablet_max_width":0,"ocean_custom_logo_mobile_max_width":0,"ocean_custom_logo_max_height":0,"ocean_custom_logo_tablet_max_height":0,"ocean_custom_logo_mobile_max_height":0,"ocean_header_custom_menu":"","ocean_menu_typo_font_family":"","ocean_menu_typo_font_subset":"","ocean_menu_typo_font_size":0,"ocean_menu_typo_font_size_tablet":0,"ocean_menu_typo_font_size_mobile":0,"ocean_menu_typo_font_size_unit":"px","ocean_menu_typo_font_weight":"","ocean_menu_typo_font_weight_tablet":"","ocean_menu_typo_font_weight_mobile":"","ocean_menu_typo_transform":"","ocean_menu_typo_transform_tablet":"","ocean_menu_typo_transform_mobile":"","ocean_menu_typo_line_height":0,"ocean_menu_typo_line_height_tablet":0,"ocean_menu_typo_line_height_mobile":0,"ocean_menu_typo_line_height_unit":"","ocean_menu_typo_spacing":0,"ocean_menu_typo_spacing_tablet":0,"ocean_menu_typo_spacing_mobile":0,"ocean_menu_typo_spacing_unit":"","ocean_menu_link_color":"","ocean_menu_link_color_hover":"","ocean_menu_link_color_active":"","ocean_menu_link_background":"","ocean_menu_link_hover_background":"","ocean_menu_link_active_background":"","ocean_menu_social_links_bg":"","ocean_menu_social_hover_links_bg":"","ocean_menu_social_links_color":"","ocean_menu_social_hover_links_color":"","ocean_disable_title":"default","ocean_disable_heading":"default","ocean_post_title":"","ocean_post_subheading":"","ocean_post_title_style":"","ocean_post_title_background_color":"","ocean_post_title_background":0,"ocean_post_title_bg_image_position":"","ocean_post_title_bg_image_attachment":"","ocean_post_title_bg_image_repeat":"","ocean_post_title_bg_image_size":"","ocean_post_title_height":0,"ocean_post_title_bg_overlay":0.5,"ocean_post_title_bg_overlay_color":"","ocean_disable_breadcrumbs":"default","ocean_breadcrumbs_color":"","ocean_breadcrumbs_separator_color":"","ocean_breadcrumbs_links_color":"","ocean_breadcrumbs_links_hover_color":"","ocean_display_footer_widgets":"default","ocean_display_footer_bottom":"default","ocean_custom_footer_template":"","footnotes":""},"class_list":["post-185","page","type-page","status-publish","hentry","entry"],"_links":{"self":[{"href":"https:\/\/schuleanderfeuerwache.com\/index.php?rest_route=\/wp\/v2\/pages\/185","targetHints":{"allow":["GET"]}}],"collection":[{"href":"https:\/\/schuleanderfeuerwache.com\/index.php?rest_route=\/wp\/v2\/pages"}],"about":[{"href":"https:\/\/schuleanderfeuerwache.com\/index.php?rest_route=\/wp\/v2\/types\/page"}],"author":[{"embeddable":true,"href":"https:\/\/schuleanderfeuerwache.com\/index.php?rest_route=\/wp\/v2\/users\/1"}],"replies":[{"embeddable":true,"href":"https:\/\/schuleanderfeuerwache.com\/index.php?rest_route=%2Fwp%2Fv2%2Fcomments&post=185"}],"version-history":[{"count":7,"href":"https:\/\/schuleanderfeuerwache.com\/index.php?rest_route=\/wp\/v2\/pages\/185\/revisions"}],"predecessor-version":[{"id":755,"href":"https:\/\/schuleanderfeuerwache.com\/index.php?rest_route=\/wp\/v2\/pages\/185\/revisions\/755"}],"wp:attachment":[{"href":"https:\/\/schuleanderfeuerwache.com\/index.php?rest_route=%2Fwp%2Fv2%2Fmedia&parent=185"}],"curies":[{"name":"wp","href":"https:\/\/api.w.org\/{rel}","templated":true}]}}