{"id":43,"date":"2024-05-31T12:49:51","date_gmt":"2024-05-31T12:49:51","guid":{"rendered":"http:\/\/schuleanderfeuerwache.com\/?page_id=43"},"modified":"2025-02-18T10:26:52","modified_gmt":"2025-02-18T10:26:52","slug":"mittagessen","status":"publish","type":"page","link":"https:\/\/schuleanderfeuerwache.com\/?page_id=43","title":{"rendered":"Mittagessen"},"content":{"rendered":"\n<div class=\"wp-block-columns is-layout-flex wp-container-core-columns-is-layout-9d6595d7 wp-block-columns-is-layout-flex\">\n<div class=\"wp-block-column is-layout-flow wp-block-column-is-layout-flow\">\n<p>Das Mittagessen f\u00fcr unsere Sch\u00fclerinnen und Sch\u00fcler wird von <a href=\"https:\/\/www.z-catering.de\/\" data-type=\"link\" data-id=\"https:\/\/www.z-catering.de\/\" target=\"_blank\">Z-Catering<\/a> geliefert. Der erfahrene Anbieter versorgt seit vielen Jahren Kitas und Schulen mit abwechslungsreichen und schmackhaften Mahlzeiten. Eine gesunde Ern\u00e4hrung spielt eine zentrale Rolle im Schulalltag \u2013 denn Kinder sollen sich wohlf\u00fchlen und mit Freude essen.<\/p>\n\n\n\n<p>Die Speisen sind kindgerecht, lecker und ausgewogen. Der Speiseplan wechselt regelm\u00e4\u00dfig, orientiert sich an den Empfehlungen der Deutschen Gesellschaft f\u00fcr Ern\u00e4hrung und bietet eine Mischung aus beliebten Klassikern und neuen Gerichten. So lernen Kinder verschiedene Geschmacksrichtungen kennen und entwickeln gesunde Essgewohnheiten.<br><\/p>\n\n\n\n<h2 class=\"wp-block-heading\">Mitbestimmung beim Speiseplan<\/h2>\n\n\n\n<p>Unsere Sch\u00fclerinnen und Sch\u00fcler k\u00f6nnen aktiv mitentscheiden, was auf den Teller kommt. Eine Essenskommission, bestehend aus Vertreter:innen von Z-Catering, Sch\u00fcler*innen, Elternvertreter*innen sowie Erzieher*innen oder Lehrkr\u00e4ften, trifft sich alle acht Wochen, um den Speiseplan gemeinsam zu gestalten.<\/p>\n<\/div>\n\n\n\n<div class=\"wp-block-column is-layout-flow wp-block-column-is-layout-flow\">\n<h2 class=\"wp-block-heading\">Anmeldung zum Mittagessen<\/h2>\n\n\n\n<p>Die Anmeldung zum Mittagessen erfolgt direkt \u00fcber die Webseite von Z-Catering. <\/p>\n\n\n\n<p>\ud83d\udcde <strong>Telefon<\/strong>: 030 4053443-0<\/p>\n\n\n\n<div class=\"wp-block-buttons is-layout-flex wp-block-buttons-is-layout-flex\">\n<div class=\"wp-block-button\"><a class=\"wp-block-button__link wp-element-button\" href=\"https:\/\/bestellung-zcatering.de\/de\/register\/contracts\">Hier geht\u2019s zur Anmeldung<\/a><\/div>\n<\/div>\n\n\n\n<p><\/p>\n\n\n\n<h2 class=\"wp-block-heading\">Sonderkost &amp; Unvertr\u00e4glichkeiten<\/h2>\n\n\n\n<p>F\u00fcr Kinder mit Allergien oder Unvertr\u00e4glichkeiten bietet Z-Catering spezielle Mahlzeiten an. Damit alles reibungslos l\u00e4uft, ist ein vorheriges Gespr\u00e4ch mit den Eltern erforderlich. Zudem wird ein \u00e4rztliches Attest ben\u00f6tigt. F\u00fcr R\u00fcckfragen steht Z-Catering gerne zur Verf\u00fcgung:<br>\ud83d\udce7 <strong>E-Mail<\/strong>: <a href=\"mailto:sonderkost@z-catering.de\">sonderkost@z-catering.de<\/a><\/p>\n<\/div>\n<\/div>\n","protected":false},"excerpt":{"rendered":"<p>Das Mittagessen f\u00fcr unsere Sch\u00fclerinnen und Sch\u00fcler wird von Z-Catering geliefert. Der erfahrene Anbieter versorgt seit vielen Jahren Kitas und Schulen mit abwechslungsreichen und schmackhaften Mahlzeiten. Eine gesunde Ern\u00e4hrung spielt eine zentrale Rolle im Schulalltag \u2013 denn Kinder sollen sich wohlf\u00fchlen und mit Freude essen. Die Speisen sind kindgerecht, lecker und ausgewogen. Der Speiseplan wechselt [&hellip;]<\/p>\n","protected":false},"author":1,"featured_media":0,"parent":0,"menu_order":0,"comment_status":"closed","ping_status":"closed","template":"","meta":{"ocean_post_layout":"full-width","ocean_both_sidebars_style":"","ocean_both_sidebars_content_width":0,"ocean_both_sidebars_sidebars_width":0,"ocean_sidebar":"","ocean_second_sidebar":"","ocean_disable_margins":"enable","ocean_add_body_class":"","ocean_shortcode_before_top_bar":"","ocean_shortcode_after_top_bar":"","ocean_shortcode_before_header":"","ocean_shortcode_after_header":"","ocean_has_shortcode":"","ocean_shortcode_after_title":"","ocean_shortcode_before_footer_widgets":"","ocean_shortcode_after_footer_widgets":"","ocean_shortcode_before_footer_bottom":"","ocean_shortcode_after_footer_bottom":"","ocean_display_top_bar":"default","ocean_display_header":"default","ocean_header_style":"","ocean_center_header_left_menu":"","ocean_custom_header_template":"","ocean_custom_logo":0,"ocean_custom_retina_logo":0,"ocean_custom_logo_max_width":0,"ocean_custom_logo_tablet_max_width":0,"ocean_custom_logo_mobile_max_width":0,"ocean_custom_logo_max_height":0,"ocean_custom_logo_tablet_max_height":0,"ocean_custom_logo_mobile_max_height":0,"ocean_header_custom_menu":"","ocean_menu_typo_font_family":"","ocean_menu_typo_font_subset":"","ocean_menu_typo_font_size":0,"ocean_menu_typo_font_size_tablet":0,"ocean_menu_typo_font_size_mobile":0,"ocean_menu_typo_font_size_unit":"px","ocean_menu_typo_font_weight":"","ocean_menu_typo_font_weight_tablet":"","ocean_menu_typo_font_weight_mobile":"","ocean_menu_typo_transform":"","ocean_menu_typo_transform_tablet":"","ocean_menu_typo_transform_mobile":"","ocean_menu_typo_line_height":0,"ocean_menu_typo_line_height_tablet":0,"ocean_menu_typo_line_height_mobile":0,"ocean_menu_typo_line_height_unit":"","ocean_menu_typo_spacing":0,"ocean_menu_typo_spacing_tablet":0,"ocean_menu_typo_spacing_mobile":0,"ocean_menu_typo_spacing_unit":"","ocean_menu_link_color":"","ocean_menu_link_color_hover":"","ocean_menu_link_color_active":"","ocean_menu_link_background":"","ocean_menu_link_hover_background":"","ocean_menu_link_active_background":"","ocean_menu_social_links_bg":"","ocean_menu_social_hover_links_bg":"","ocean_menu_social_links_color":"","ocean_menu_social_hover_links_color":"","ocean_disable_title":"default","ocean_disable_heading":"default","ocean_post_title":"","ocean_post_subheading":"","ocean_post_title_style":"","ocean_post_title_background_color":"","ocean_post_title_background":0,"ocean_post_title_bg_image_position":"","ocean_post_title_bg_image_attachment":"","ocean_post_title_bg_image_repeat":"","ocean_post_title_bg_image_size":"","ocean_post_title_height":0,"ocean_post_title_bg_overlay":0.5,"ocean_post_title_bg_overlay_color":"","ocean_disable_breadcrumbs":"default","ocean_breadcrumbs_color":"","ocean_breadcrumbs_separator_color":"","ocean_breadcrumbs_links_color":"","ocean_breadcrumbs_links_hover_color":"","ocean_display_footer_widgets":"default","ocean_display_footer_bottom":"default","ocean_custom_footer_template":"","footnotes":""},"class_list":["post-43","page","type-page","status-publish","hentry","entry"],"_links":{"self":[{"href":"https:\/\/schuleanderfeuerwache.com\/index.php?rest_route=\/wp\/v2\/pages\/43","targetHints":{"allow":["GET"]}}],"collection":[{"href":"https:\/\/schuleanderfeuerwache.com\/index.php?rest_route=\/wp\/v2\/pages"}],"about":[{"href":"https:\/\/schuleanderfeuerwache.com\/index.php?rest_route=\/wp\/v2\/types\/page"}],"author":[{"embeddable":true,"href":"https:\/\/schuleanderfeuerwache.com\/index.php?rest_route=\/wp\/v2\/users\/1"}],"replies":[{"embeddable":true,"href":"https:\/\/schuleanderfeuerwache.com\/index.php?rest_route=%2Fwp%2Fv2%2Fcomments&post=43"}],"version-history":[{"count":6,"href":"https:\/\/schuleanderfeuerwache.com\/index.php?rest_route=\/wp\/v2\/pages\/43\/revisions"}],"predecessor-version":[{"id":311,"href":"https:\/\/schuleanderfeuerwache.com\/index.php?rest_route=\/wp\/v2\/pages\/43\/revisions\/311"}],"wp:attachment":[{"href":"https:\/\/schuleanderfeuerwache.com\/index.php?rest_route=%2Fwp%2Fv2%2Fmedia&parent=43"}],"curies":[{"name":"wp","href":"https:\/\/api.w.org\/{rel}","templated":true}]}}