{"id":447,"date":"2025-03-03T08:08:28","date_gmt":"2025-03-03T08:08:28","guid":{"rendered":"https:\/\/schuleanderfeuerwache.com\/?page_id=447"},"modified":"2025-03-03T08:26:09","modified_gmt":"2025-03-03T08:26:09","slug":"lebenskunde-2","status":"publish","type":"page","link":"https:\/\/schuleanderfeuerwache.com\/?page_id=447","title":{"rendered":"Lebenskunde"},"content":{"rendered":"\n<h2 class=\"wp-block-heading\">Allgemeine Informationen<\/h2>\n\n\n\n<p>Humanistische Lebenskunde an der Schule an der alten Feuerwache<\/p>\n\n\n\n<p>An unserer Schule wird Humanistische Lebenskunde als freiwilliges Fach unterrichtet.<\/p>\n\n\n\n<p>Ziel dieses Unterrichts ist es, weltlich-humanistische Lebensorientierungen zu vermitteln, gest\u00fctzt auf wissenschaftliche Erkenntnisse \u00fcber Natur und Gesellschaft.<\/p>\n\n\n\n<p>Im Unterricht stehen individuelle Erfahrungen und Gedanken der Sch\u00fclerinnen und Sch\u00fcler sowie die F\u00f6rderung kritischen Denkens im Mittelpunkt. Sie werden ermutigt, \u00fcber sich selbst und die Welt nachzudenken und miteinander zu kommunizieren.<\/p>\n\n\n\n<p>Der Rahmenlehrplan f\u00fcr Humanistische Lebenskunde umfasst drei Themenfelder, die altersgerecht im Unterricht angepasst werden:<\/p>\n\n\n\n<p>* Pers\u00f6nlichkeitsentwicklung im sozialen Umfeld<\/p>\n\n\n\n<p>* Verantwortung f\u00fcr Natur und Gesellschaft<\/p>\n\n\n\n<p>* Weltorientierung und Sinngebung<\/p>\n\n\n\n<p>Im Fach Humanistische Lebenskunde gibt es keine Noten. Der Unterricht steht allen Sch\u00fclerinnen und Sch\u00fclern offen, allerdings ist eine schriftliche Anmeldung der Erziehungsberechtigten erforderlich.<\/p>\n\n\n\n<p>Ausf\u00fchrliche Informationen \u00fcber das Fach Humanistische Lebenskunde finden Sie hier: <a href=\"http:\/\/www.lebenskunde.de\" data-type=\"link\" data-id=\"www.lebenskunde.de\">www.lebenskunde.de<\/a><\/p>\n\n\n\n<p>Die Verantwortung f\u00fcr die Durchf\u00fchrung und Gestaltung des Unterrichts liegt beim Humanistischen Verband Deutschlands, Landesverband Berlin-Brandenburg Kd\u00f6R, gem\u00e4\u00df \u00a7 13 des Berliner Schulgesetzes.<\/p>\n\n\n\n<p><\/p>\n\n\n\n<h2 class=\"wp-block-heading\">Informationsbrief des HVD<\/h2>\n\n\n\n<p>Hier werden halbj\u00e4hrlich die Informationsbriefe des HVD hochgeladen:<\/p>\n\n\n\n<div class=\"wp-block-buttons is-content-justification-center is-layout-flex wp-container-core-buttons-is-layout-16018d1d wp-block-buttons-is-layout-flex\">\n<div class=\"wp-block-button\"><a class=\"wp-block-button__link wp-element-button\" href=\"https:\/\/schuleanderfeuerwache.com\/wp-content\/uploads\/2025\/03\/Informationsbrief_Humanistische-Lebenskunde_1-2025.pdf\">Informationsbrief des HVD<\/a><\/div>\n<\/div>\n\n\n\n<p><\/p>\n","protected":false},"excerpt":{"rendered":"<p>Allgemeine Informationen Humanistische Lebenskunde an der Schule an der alten Feuerwache An unserer Schule wird Humanistische Lebenskunde als freiwilliges Fach unterrichtet. Ziel dieses Unterrichts ist es, weltlich-humanistische Lebensorientierungen zu vermitteln, gest\u00fctzt auf wissenschaftliche Erkenntnisse \u00fcber Natur und Gesellschaft. Im Unterricht stehen individuelle Erfahrungen und Gedanken der Sch\u00fclerinnen und Sch\u00fcler sowie die F\u00f6rderung kritischen Denkens im [&hellip;]<\/p>\n","protected":false},"author":1,"featured_media":0,"parent":0,"menu_order":0,"comment_status":"closed","ping_status":"closed","template":"","meta":{"ocean_post_layout":"","ocean_both_sidebars_style":"","ocean_both_sidebars_content_width":0,"ocean_both_sidebars_sidebars_width":0,"ocean_sidebar":"","ocean_second_sidebar":"","ocean_disable_margins":"enable","ocean_add_body_class":"","ocean_shortcode_before_top_bar":"","ocean_shortcode_after_top_bar":"","ocean_shortcode_before_header":"","ocean_shortcode_after_header":"","ocean_has_shortcode":"","ocean_shortcode_after_title":"","ocean_shortcode_before_footer_widgets":"","ocean_shortcode_after_footer_widgets":"","ocean_shortcode_before_footer_bottom":"","ocean_shortcode_after_footer_bottom":"","ocean_display_top_bar":"default","ocean_display_header":"default","ocean_header_style":"","ocean_center_header_left_menu":"","ocean_custom_header_template":"","ocean_custom_logo":0,"ocean_custom_retina_logo":0,"ocean_custom_logo_max_width":0,"ocean_custom_logo_tablet_max_width":0,"ocean_custom_logo_mobile_max_width":0,"ocean_custom_logo_max_height":0,"ocean_custom_logo_tablet_max_height":0,"ocean_custom_logo_mobile_max_height":0,"ocean_header_custom_menu":"","ocean_menu_typo_font_family":"","ocean_menu_typo_font_subset":"","ocean_menu_typo_font_size":0,"ocean_menu_typo_font_size_tablet":0,"ocean_menu_typo_font_size_mobile":0,"ocean_menu_typo_font_size_unit":"px","ocean_menu_typo_font_weight":"","ocean_menu_typo_font_weight_tablet":"","ocean_menu_typo_font_weight_mobile":"","ocean_menu_typo_transform":"","ocean_menu_typo_transform_tablet":"","ocean_menu_typo_transform_mobile":"","ocean_menu_typo_line_height":0,"ocean_menu_typo_line_height_tablet":0,"ocean_menu_typo_line_height_mobile":0,"ocean_menu_typo_line_height_unit":"","ocean_menu_typo_spacing":0,"ocean_menu_typo_spacing_tablet":0,"ocean_menu_typo_spacing_mobile":0,"ocean_menu_typo_spacing_unit":"","ocean_menu_link_color":"","ocean_menu_link_color_hover":"","ocean_menu_link_color_active":"","ocean_menu_link_background":"","ocean_menu_link_hover_background":"","ocean_menu_link_active_background":"","ocean_menu_social_links_bg":"","ocean_menu_social_hover_links_bg":"","ocean_menu_social_links_color":"","ocean_menu_social_hover_links_color":"","ocean_disable_title":"default","ocean_disable_heading":"default","ocean_post_title":"","ocean_post_subheading":"","ocean_post_title_style":"","ocean_post_title_background_color":"","ocean_post_title_background":0,"ocean_post_title_bg_image_position":"","ocean_post_title_bg_image_attachment":"","ocean_post_title_bg_image_repeat":"","ocean_post_title_bg_image_size":"","ocean_post_title_height":0,"ocean_post_title_bg_overlay":0.5,"ocean_post_title_bg_overlay_color":"","ocean_disable_breadcrumbs":"default","ocean_breadcrumbs_color":"","ocean_breadcrumbs_separator_color":"","ocean_breadcrumbs_links_color":"","ocean_breadcrumbs_links_hover_color":"","ocean_display_footer_widgets":"default","ocean_display_footer_bottom":"default","ocean_custom_footer_template":"","footnotes":""},"class_list":["post-447","page","type-page","status-publish","hentry","entry"],"_links":{"self":[{"href":"https:\/\/schuleanderfeuerwache.com\/index.php?rest_route=\/wp\/v2\/pages\/447","targetHints":{"allow":["GET"]}}],"collection":[{"href":"https:\/\/schuleanderfeuerwache.com\/index.php?rest_route=\/wp\/v2\/pages"}],"about":[{"href":"https:\/\/schuleanderfeuerwache.com\/index.php?rest_route=\/wp\/v2\/types\/page"}],"author":[{"embeddable":true,"href":"https:\/\/schuleanderfeuerwache.com\/index.php?rest_route=\/wp\/v2\/users\/1"}],"replies":[{"embeddable":true,"href":"https:\/\/schuleanderfeuerwache.com\/index.php?rest_route=%2Fwp%2Fv2%2Fcomments&post=447"}],"version-history":[{"count":2,"href":"https:\/\/schuleanderfeuerwache.com\/index.php?rest_route=\/wp\/v2\/pages\/447\/revisions"}],"predecessor-version":[{"id":455,"href":"https:\/\/schuleanderfeuerwache.com\/index.php?rest_route=\/wp\/v2\/pages\/447\/revisions\/455"}],"wp:attachment":[{"href":"https:\/\/schuleanderfeuerwache.com\/index.php?rest_route=%2Fwp%2Fv2%2Fmedia&parent=447"}],"curies":[{"name":"wp","href":"https:\/\/api.w.org\/{rel}","templated":true}]}}