{"id":46,"date":"2024-05-31T12:49:51","date_gmt":"2024-05-31T12:49:51","guid":{"rendered":"http:\/\/schuleanderfeuerwache.com\/?page_id=46"},"modified":"2025-08-25T12:23:34","modified_gmt":"2025-08-25T12:23:34","slug":"schulstart","status":"publish","type":"page","link":"https:\/\/schuleanderfeuerwache.com\/?page_id=46","title":{"rendered":"Schulstart"},"content":{"rendered":"\n<p>Damit Sie und ihr Kind sich einen guten Eindruck von unserer Schule machen k\u00f6nnen, haben wir hier etwas f\u00fcr Sie und Ihr Kind vorbereitet:<\/p>\n\n\n\n<div class=\"wp-block-buttons is-layout-flex wp-block-buttons-is-layout-flex\">\n<div class=\"wp-block-button is-style-outline is-style-outline--1\"><a class=\"wp-block-button__link has-text-align-center wp-element-button\" href=\"https:\/\/www.taskcards.de\/#\/board\/1e9fd7ab-6f2a-4c8a-b8df-2460155af6ff\/view\">Bitte hier klicken<\/a><\/div>\n<\/div>\n\n\n\n<h1 class=\"wp-block-heading has-text-align-center\">Schulanmeldungen<\/h1>\n\n\n\n<div style=\"height:35px\" aria-hidden=\"true\" class=\"wp-block-spacer\"><\/div>\n\n\n\n<h2 class=\"wp-block-heading\"><em>Lernanf\u00e4nger neue Erstkl\u00e4ssler<\/em><\/h2>\n\n\n\n<p>Den Anmeldezeitraum f\u00fcr die Anmeldung neuer Lernanf\u00e4nger (1.Klasse) entnehmen Sie bitte dem<strong> <a href=\"https:\/\/www.berlin.de\/sen\/bildung\/schule\/bildungswege\/grundschule\/anmeldung\/\" data-type=\"link\" data-id=\"https:\/\/www.berlin.de\/sen\/bildung\/schule\/bildungswege\/grundschule\/anmeldung\/\"><mark style=\"background-color:rgba(0, 0, 0, 0)\" class=\"has-inline-color has-vivid-cyan-blue-color\">Link<\/mark><\/a><\/strong>.<br>F\u00fcr die Anmeldung erhalten Sie von der Schule einen Termin per Post.<br>In diesem Schreiben erhalten Sie auch weitere Informationen zum Zeitpunkt und wichtige Unterlagen.<\/p>\n\n\n\n<div style=\"height:35px\" aria-hidden=\"true\" class=\"wp-block-spacer\"><\/div>\n\n\n\n<h2 class=\"wp-block-heading\"><em>Klassenstufe 1-6<\/em><\/h2>\n\n\n\n<p>Bitte senden Sie Ihre Schulplatzanfrage per Mail an das <strong>Sekretariat <\/strong>(<a href=\"mailto:sekretariat@09G07.schule.berlin.de\">sekretariat@09g07.schule.berlin.de<\/a>).<br>F\u00fcgen Sie bitte folgende <strong>Dokumente <\/strong>im Anhang <strong>als pdf<\/strong> ein:<\/p>\n\n\n\n<ul class=\"wp-block-list\">\n<li>aktuelle Meldebest\u00e4tigung<\/li>\n\n\n\n<li>Umschulungskarte der bisherigen Schule<\/li>\n<\/ul>\n\n\n\n<div style=\"height:35px\" aria-hidden=\"true\" class=\"wp-block-spacer\"><\/div>\n\n\n\n<h2 class=\"wp-block-heading\"><em>Zuzug aus dem Ausland<\/em><\/h2>\n\n\n\n<p>Bitte wenden Sie sich per E-Mail an das <strong>Schulamt<\/strong>:<br><a href=\"mailto:willkommensklasse@ba-tk.berlin.de\">willkommensklasse@ba-tk.berlin.de<\/a> <br><strong>im cc:<\/strong><br><a href=\"mailto:grundschulen@ba-tk.berlin.de\">grundschulen@ba-tk.berlin.de<\/a> .<\/p>\n\n\n\n<p><\/p>\n","protected":false},"excerpt":{"rendered":"<p>Damit Sie und ihr Kind sich einen guten Eindruck von unserer Schule machen k\u00f6nnen, haben wir hier etwas f\u00fcr Sie und Ihr Kind vorbereitet: Schulanmeldungen Lernanf\u00e4nger neue Erstkl\u00e4ssler Den Anmeldezeitraum f\u00fcr die Anmeldung neuer Lernanf\u00e4nger (1.Klasse) entnehmen Sie bitte dem Link.F\u00fcr die Anmeldung erhalten Sie von der Schule einen Termin per Post.In diesem Schreiben erhalten [&hellip;]<\/p>\n","protected":false},"author":1,"featured_media":0,"parent":0,"menu_order":0,"comment_status":"closed","ping_status":"closed","template":"","meta":{"ocean_post_layout":"","ocean_both_sidebars_style":"","ocean_both_sidebars_content_width":0,"ocean_both_sidebars_sidebars_width":0,"ocean_sidebar":"","ocean_second_sidebar":"","ocean_disable_margins":"enable","ocean_add_body_class":"","ocean_shortcode_before_top_bar":"","ocean_shortcode_after_top_bar":"","ocean_shortcode_before_header":"","ocean_shortcode_after_header":"","ocean_has_shortcode":"","ocean_shortcode_after_title":"","ocean_shortcode_before_footer_widgets":"","ocean_shortcode_after_footer_widgets":"","ocean_shortcode_before_footer_bottom":"","ocean_shortcode_after_footer_bottom":"","ocean_display_top_bar":"default","ocean_display_header":"default","ocean_header_style":"","ocean_center_header_left_menu":"","ocean_custom_header_template":"","ocean_custom_logo":0,"ocean_custom_retina_logo":0,"ocean_custom_logo_max_width":0,"ocean_custom_logo_tablet_max_width":0,"ocean_custom_logo_mobile_max_width":0,"ocean_custom_logo_max_height":0,"ocean_custom_logo_tablet_max_height":0,"ocean_custom_logo_mobile_max_height":0,"ocean_header_custom_menu":"","ocean_menu_typo_font_family":"","ocean_menu_typo_font_subset":"","ocean_menu_typo_font_size":0,"ocean_menu_typo_font_size_tablet":0,"ocean_menu_typo_font_size_mobile":0,"ocean_menu_typo_font_size_unit":"px","ocean_menu_typo_font_weight":"","ocean_menu_typo_font_weight_tablet":"","ocean_menu_typo_font_weight_mobile":"","ocean_menu_typo_transform":"","ocean_menu_typo_transform_tablet":"","ocean_menu_typo_transform_mobile":"","ocean_menu_typo_line_height":0,"ocean_menu_typo_line_height_tablet":0,"ocean_menu_typo_line_height_mobile":0,"ocean_menu_typo_line_height_unit":"","ocean_menu_typo_spacing":0,"ocean_menu_typo_spacing_tablet":0,"ocean_menu_typo_spacing_mobile":0,"ocean_menu_typo_spacing_unit":"","ocean_menu_link_color":"","ocean_menu_link_color_hover":"","ocean_menu_link_color_active":"","ocean_menu_link_background":"","ocean_menu_link_hover_background":"","ocean_menu_link_active_background":"","ocean_menu_social_links_bg":"","ocean_menu_social_hover_links_bg":"","ocean_menu_social_links_color":"","ocean_menu_social_hover_links_color":"","ocean_disable_title":"default","ocean_disable_heading":"default","ocean_post_title":"","ocean_post_subheading":"","ocean_post_title_style":"","ocean_post_title_background_color":"","ocean_post_title_background":0,"ocean_post_title_bg_image_position":"","ocean_post_title_bg_image_attachment":"","ocean_post_title_bg_image_repeat":"","ocean_post_title_bg_image_size":"","ocean_post_title_height":0,"ocean_post_title_bg_overlay":0.5,"ocean_post_title_bg_overlay_color":"","ocean_disable_breadcrumbs":"default","ocean_breadcrumbs_color":"","ocean_breadcrumbs_separator_color":"","ocean_breadcrumbs_links_color":"","ocean_breadcrumbs_links_hover_color":"","ocean_display_footer_widgets":"default","ocean_display_footer_bottom":"default","ocean_custom_footer_template":"","footnotes":""},"class_list":["post-46","page","type-page","status-publish","hentry","entry"],"_links":{"self":[{"href":"https:\/\/schuleanderfeuerwache.com\/index.php?rest_route=\/wp\/v2\/pages\/46","targetHints":{"allow":["GET"]}}],"collection":[{"href":"https:\/\/schuleanderfeuerwache.com\/index.php?rest_route=\/wp\/v2\/pages"}],"about":[{"href":"https:\/\/schuleanderfeuerwache.com\/index.php?rest_route=\/wp\/v2\/types\/page"}],"author":[{"embeddable":true,"href":"https:\/\/schuleanderfeuerwache.com\/index.php?rest_route=\/wp\/v2\/users\/1"}],"replies":[{"embeddable":true,"href":"https:\/\/schuleanderfeuerwache.com\/index.php?rest_route=%2Fwp%2Fv2%2Fcomments&post=46"}],"version-history":[{"count":5,"href":"https:\/\/schuleanderfeuerwache.com\/index.php?rest_route=\/wp\/v2\/pages\/46\/revisions"}],"predecessor-version":[{"id":604,"href":"https:\/\/schuleanderfeuerwache.com\/index.php?rest_route=\/wp\/v2\/pages\/46\/revisions\/604"}],"wp:attachment":[{"href":"https:\/\/schuleanderfeuerwache.com\/index.php?rest_route=%2Fwp%2Fv2%2Fmedia&parent=46"}],"curies":[{"name":"wp","href":"https:\/\/api.w.org\/{rel}","templated":true}]}}