{"id":47,"date":"2024-05-31T12:49:51","date_gmt":"2024-05-31T12:49:51","guid":{"rendered":"http:\/\/schuleanderfeuerwache.com\/?page_id=47"},"modified":"2025-12-02T16:44:06","modified_gmt":"2025-12-02T16:44:06","slug":"schliessfaecher","status":"publish","type":"page","link":"https:\/\/schuleanderfeuerwache.com\/?page_id=47","title":{"rendered":"Schlie\u00dff\u00e4cher"},"content":{"rendered":"\n<p>Im Erdgescho\u00df und der ersten Etage befinden sich zur Zeit 54 Schlie\u00dff\u00e4cher, die privat \u00fcber die Firma gemietet werden k\u00f6nnen. Diese Kosten beginnen bei 1,80 Euro monatlich.<\/p>\n\n\n\n<p>Melden Sie sich daf\u00fcr bitte online unter <a href=\"http:\/\/www.astradirekt.de\" data-type=\"link\" data-id=\"www.astradirekt.de\">www.astradirekt.de<\/a> an.<\/p>\n\n\n\n<p>Es liegen auch in unserer Schule Antr\u00e4ge f\u00fcr Sie bereit, die Sie per Post versenden k\u00f6nnen.&nbsp;<\/p>\n\n\n\n<p>Bitte beachten Sie: Die Schule \u00fcbernimmt keinen Service.<\/p>\n\n\n\n<figure class=\"wp-block-image size-full\"><img loading=\"lazy\" decoding=\"async\" width=\"372\" height=\"86\" src=\"https:\/\/schuleanderfeuerwache.com\/wp-content\/uploads\/2025\/01\/Astra.jpg\" alt=\"\" class=\"wp-image-127\" srcset=\"https:\/\/schuleanderfeuerwache.com\/wp-content\/uploads\/2025\/01\/Astra.jpg 372w, https:\/\/schuleanderfeuerwache.com\/wp-content\/uploads\/2025\/01\/Astra-300x69.jpg 300w\" sizes=\"auto, (max-width: 372px) 100vw, 372px\" \/><\/figure>\n\n\n\n<figure class=\"wp-block-image size-large\"><img loading=\"lazy\" decoding=\"async\" width=\"1024\" height=\"768\" src=\"https:\/\/schuleanderfeuerwache.com\/wp-content\/uploads\/2025\/02\/IMG_1635-1024x768.jpeg\" alt=\"\" class=\"wp-image-182\" srcset=\"https:\/\/schuleanderfeuerwache.com\/wp-content\/uploads\/2025\/02\/IMG_1635-1024x768.jpeg 1024w, https:\/\/schuleanderfeuerwache.com\/wp-content\/uploads\/2025\/02\/IMG_1635-300x225.jpeg 300w, https:\/\/schuleanderfeuerwache.com\/wp-content\/uploads\/2025\/02\/IMG_1635-768x576.jpeg 768w, https:\/\/schuleanderfeuerwache.com\/wp-content\/uploads\/2025\/02\/IMG_1635-1536x1152.jpeg 1536w, https:\/\/schuleanderfeuerwache.com\/wp-content\/uploads\/2025\/02\/IMG_1635-2048x1536.jpeg 2048w\" sizes=\"auto, (max-width: 1024px) 100vw, 1024px\" \/><\/figure>\n","protected":false},"excerpt":{"rendered":"<p>Im Erdgescho\u00df und der ersten Etage befinden sich zur Zeit 54 Schlie\u00dff\u00e4cher, die privat \u00fcber die Firma gemietet werden k\u00f6nnen. Diese Kosten beginnen bei 1,80 Euro monatlich. Melden Sie sich daf\u00fcr bitte online unter www.astradirekt.de an. Es liegen auch in unserer Schule Antr\u00e4ge f\u00fcr Sie bereit, die Sie per Post versenden k\u00f6nnen.&nbsp; Bitte beachten Sie: [&hellip;]<\/p>\n","protected":false},"author":1,"featured_media":0,"parent":0,"menu_order":0,"comment_status":"closed","ping_status":"closed","template":"","meta":{"ocean_post_layout":"","ocean_both_sidebars_style":"","ocean_both_sidebars_content_width":0,"ocean_both_sidebars_sidebars_width":0,"ocean_sidebar":"","ocean_second_sidebar":"","ocean_disable_margins":"enable","ocean_add_body_class":"","ocean_shortcode_before_top_bar":"","ocean_shortcode_after_top_bar":"","ocean_shortcode_before_header":"","ocean_shortcode_after_header":"","ocean_has_shortcode":"","ocean_shortcode_after_title":"","ocean_shortcode_before_footer_widgets":"","ocean_shortcode_after_footer_widgets":"","ocean_shortcode_before_footer_bottom":"","ocean_shortcode_after_footer_bottom":"","ocean_display_top_bar":"default","ocean_display_header":"default","ocean_header_style":"","ocean_center_header_left_menu":"","ocean_custom_header_template":"","ocean_custom_logo":0,"ocean_custom_retina_logo":0,"ocean_custom_logo_max_width":0,"ocean_custom_logo_tablet_max_width":0,"ocean_custom_logo_mobile_max_width":0,"ocean_custom_logo_max_height":0,"ocean_custom_logo_tablet_max_height":0,"ocean_custom_logo_mobile_max_height":0,"ocean_header_custom_menu":"","ocean_menu_typo_font_family":"","ocean_menu_typo_font_subset":"","ocean_menu_typo_font_size":0,"ocean_menu_typo_font_size_tablet":0,"ocean_menu_typo_font_size_mobile":0,"ocean_menu_typo_font_size_unit":"px","ocean_menu_typo_font_weight":"","ocean_menu_typo_font_weight_tablet":"","ocean_menu_typo_font_weight_mobile":"","ocean_menu_typo_transform":"","ocean_menu_typo_transform_tablet":"","ocean_menu_typo_transform_mobile":"","ocean_menu_typo_line_height":0,"ocean_menu_typo_line_height_tablet":0,"ocean_menu_typo_line_height_mobile":0,"ocean_menu_typo_line_height_unit":"","ocean_menu_typo_spacing":0,"ocean_menu_typo_spacing_tablet":0,"ocean_menu_typo_spacing_mobile":0,"ocean_menu_typo_spacing_unit":"","ocean_menu_link_color":"","ocean_menu_link_color_hover":"","ocean_menu_link_color_active":"","ocean_menu_link_background":"","ocean_menu_link_hover_background":"","ocean_menu_link_active_background":"","ocean_menu_social_links_bg":"","ocean_menu_social_hover_links_bg":"","ocean_menu_social_links_color":"","ocean_menu_social_hover_links_color":"","ocean_disable_title":"default","ocean_disable_heading":"default","ocean_post_title":"","ocean_post_subheading":"","ocean_post_title_style":"","ocean_post_title_background_color":"","ocean_post_title_background":0,"ocean_post_title_bg_image_position":"","ocean_post_title_bg_image_attachment":"","ocean_post_title_bg_image_repeat":"","ocean_post_title_bg_image_size":"","ocean_post_title_height":0,"ocean_post_title_bg_overlay":0.5,"ocean_post_title_bg_overlay_color":"","ocean_disable_breadcrumbs":"default","ocean_breadcrumbs_color":"","ocean_breadcrumbs_separator_color":"","ocean_breadcrumbs_links_color":"","ocean_breadcrumbs_links_hover_color":"","ocean_display_footer_widgets":"default","ocean_display_footer_bottom":"default","ocean_custom_footer_template":"","footnotes":""},"class_list":["post-47","page","type-page","status-publish","hentry","entry"],"_links":{"self":[{"href":"https:\/\/schuleanderfeuerwache.com\/index.php?rest_route=\/wp\/v2\/pages\/47","targetHints":{"allow":["GET"]}}],"collection":[{"href":"https:\/\/schuleanderfeuerwache.com\/index.php?rest_route=\/wp\/v2\/pages"}],"about":[{"href":"https:\/\/schuleanderfeuerwache.com\/index.php?rest_route=\/wp\/v2\/types\/page"}],"author":[{"embeddable":true,"href":"https:\/\/schuleanderfeuerwache.com\/index.php?rest_route=\/wp\/v2\/users\/1"}],"replies":[{"embeddable":true,"href":"https:\/\/schuleanderfeuerwache.com\/index.php?rest_route=%2Fwp%2Fv2%2Fcomments&post=47"}],"version-history":[{"count":6,"href":"https:\/\/schuleanderfeuerwache.com\/index.php?rest_route=\/wp\/v2\/pages\/47\/revisions"}],"predecessor-version":[{"id":768,"href":"https:\/\/schuleanderfeuerwache.com\/index.php?rest_route=\/wp\/v2\/pages\/47\/revisions\/768"}],"wp:attachment":[{"href":"https:\/\/schuleanderfeuerwache.com\/index.php?rest_route=%2Fwp%2Fv2%2Fmedia&parent=47"}],"curies":[{"name":"wp","href":"https:\/\/api.w.org\/{rel}","templated":true}]}}