{"id":48,"date":"2024-05-31T12:49:51","date_gmt":"2024-05-31T12:49:51","guid":{"rendered":"http:\/\/schuleanderfeuerwache.com\/?page_id=48"},"modified":"2025-02-24T08:16:51","modified_gmt":"2025-02-24T08:16:51","slug":"historisches","status":"publish","type":"page","link":"https:\/\/schuleanderfeuerwache.com\/?page_id=48","title":{"rendered":"Historisches"},"content":{"rendered":"\n<figure class=\"wp-block-image size-full\"><img loading=\"lazy\" decoding=\"async\" width=\"495\" height=\"768\" src=\"https:\/\/schuleanderfeuerwache.com\/wp-content\/uploads\/2025\/01\/Postkarte-Schule-Feuerwache-ca.-1930.jpg\" alt=\"\" class=\"wp-image-133\" srcset=\"https:\/\/schuleanderfeuerwache.com\/wp-content\/uploads\/2025\/01\/Postkarte-Schule-Feuerwache-ca.-1930.jpg 495w, https:\/\/schuleanderfeuerwache.com\/wp-content\/uploads\/2025\/01\/Postkarte-Schule-Feuerwache-ca.-1930-193x300.jpg 193w\" sizes=\"auto, (max-width: 495px) 100vw, 495px\" \/><\/figure>\n\n\n\n<p>In den Jahren 1898\/99 bis 1910 wurde unser jetziges Schulgeb\u00e4ude errichtet. Es ist unter Denkmalschutz gestellt worden (<a href=\"https:\/\/denkmaldatenbank.berlin.de\/daobj.php?obj_dok_nr=09045252\">hier<\/a> finden Sie den Link zum Landesdenkmalamt Berlin). <\/p>\n\n\n\n<p>Die Geschichte unserer Schule ist eng mit der Entwicklung des Stadtteils Sch\u00f6neweide verbunden, dessen Wurzeln bis ins Jahr 1879 zur\u00fcckreichen. Der Name \u201eSch\u00f6neweide\u201c geht auf einen fr\u00fcheren Ausflugsort mit idyllischer Weidelandschaft zur\u00fcck. Sp\u00e4ter wurde der Bezirksteil in Ober- und Niedersch\u00f6neweide aufgeteilt. W\u00e4hrend Niedersch\u00f6neweide um 1800 noch ein nahezu unber\u00fchrtes Waldgebiet mit lediglich 29 Einwohnern war, wuchs die Bev\u00f6lkerung stetig an. 1873 erlangte der Stadtteil seine Unabh\u00e4ngigkeit von K\u00f6penick und entwickelte sich zunehmend weiter.<\/p>\n\n\n\n<p>Bereits 1879 wurde die erste Schule in Niedersch\u00f6neweide gegr\u00fcndet, gefolgt von der feierlichen Einweihung der Schule in der Hasselwerderstra\u00dfe im Jahr 1899. Diese galt mit ihrer eigenen Duschanlage als modernste Schule Berlins. Die Aula wurde damals vorwiegend f\u00fcr Gottesdienste genutzt. Mit dem Ausbau der Kanalisation im Jahr 1906 und der zunehmenden Industrialisierung von Sch\u00f6neweide stieg die Einwohnerzahl weiter an, was auch eine wachsende Nachfrage nach Bildungseinrichtungen mit sich brachte. Der Anschluss an das S-Bahnnetz 1927, erm\u00f6glicht durch den bereits 1876 errichteten Fernbahnhof, trug zus\u00e4tzlich zur Entwicklung des Stadtteils bei.<\/p>\n\n\n\n<p>Inmitten dieser geschichtstr\u00e4chtigen Umgebung ragt unser heutiges Schulgeb\u00e4ude als markanter roter Backsteinbau im Stil der norddeutschen Sp\u00e4tgotik aus dem Stadtbild heraus. Doch die Architektur des Geb\u00e4udes blieb nicht unber\u00fchrt von den Ver\u00e4nderungen der Zeit. 1972 wurde w\u00e4hrend einer umfassenden Generalrekonstruktion \u2013 trotz laufendem Schulbetrieb \u2013 der Uhrenturm mitsamt der Turmuhr aufgrund von Einsturzgefahr entfernt. Zudem wurde die feste Bestuhlung aus der Aula entfernt, die zuvor bereits entnommene Glocke dem Altstoffhandel \u00fcbergeben und weitere dekorative Elemente beseitigt. Dadurch verlor das Geb\u00e4ude einen bedeutenden Teil seines urspr\u00fcnglichen Charmes.<\/p>\n\n\n\n<p>Ein Jahr sp\u00e4ter, 1973, erhielt die Schule den Namen \u201eArkadi Gaidar\u201c, benannt nach dem sowjetischen Kinderbuchautor, dessen Werke Teil des Unterrichts waren und in der damaligen Kinder- und Jugendorganisation intensiv behandelt wurden. Nach der Wiedervereinigung Deutschlands wurde die Schule 1991 offiziell als Grundschule eingestuft. 1993 erhielt sie nach einer Abstimmung den heutigen Namen \u201eGrundschule an der alten Feuerwache\u201c, da sich in unmittelbarer N\u00e4he, in der Gr\u00fcnauer Stra\u00dfe 9, eine ehemalige Feuerwache befindet, die im selben Stil wie die Schule und die kleine Turnhalle errichtet wurde. <\/p>\n\n\n\n<p>In den Jahren 2002\/03 wurde die \u201eGrundschule am Birkenw\u00e4ldchen\u201c aufgrund sinkender Sch\u00fclerzahlen als Filiale unserer Schule eingegliedert. Bis zur Schlie\u00dfung der Filiale im Schuljahr 2005\/06 wurden dort Sch\u00fclerinnen und Sch\u00fcler der Klassenstufen 1 bis 4 unterrichtet. Im Schuljahr 2018\/19 ist auch der Modulare Erg\u00e4nzungsbau (MEB) er\u00f6ffnet worden, um auf die steigende Sch\u00fclerzahlen ad\u00e4quat zu reagieren, denn in den letzten zehn Jahren hat sich die Sch\u00fclerzahl an der Schule mehr als verdoppelt.<\/p>\n\n\n\n<p>Diese geschichtliche Entwicklung zeigt, wie eng unsere Schule mit dem Wandel des Stadtteils Sch\u00f6neweide verkn\u00fcpft ist und wie sie sich \u00fcber Jahrzehnte hinweg stetig an neue Gegebenheiten angepasst hat.<\/p>\n\n\n\n<p><\/p>\n\n\n\n<p><\/p>\n","protected":false},"excerpt":{"rendered":"<p>In den Jahren 1898\/99 bis 1910 wurde unser jetziges Schulgeb\u00e4ude errichtet. Es ist unter Denkmalschutz gestellt worden (hier finden Sie den Link zum Landesdenkmalamt Berlin). Die Geschichte unserer Schule ist eng mit der Entwicklung des Stadtteils Sch\u00f6neweide verbunden, dessen Wurzeln bis ins Jahr 1879 zur\u00fcckreichen. Der Name \u201eSch\u00f6neweide\u201c geht auf einen fr\u00fcheren Ausflugsort mit idyllischer [&hellip;]<\/p>\n","protected":false},"author":1,"featured_media":0,"parent":0,"menu_order":0,"comment_status":"closed","ping_status":"closed","template":"","meta":{"ocean_post_layout":"","ocean_both_sidebars_style":"","ocean_both_sidebars_content_width":0,"ocean_both_sidebars_sidebars_width":0,"ocean_sidebar":"","ocean_second_sidebar":"","ocean_disable_margins":"enable","ocean_add_body_class":"","ocean_shortcode_before_top_bar":"","ocean_shortcode_after_top_bar":"","ocean_shortcode_before_header":"","ocean_shortcode_after_header":"","ocean_has_shortcode":"","ocean_shortcode_after_title":"","ocean_shortcode_before_footer_widgets":"","ocean_shortcode_after_footer_widgets":"","ocean_shortcode_before_footer_bottom":"","ocean_shortcode_after_footer_bottom":"","ocean_display_top_bar":"default","ocean_display_header":"default","ocean_header_style":"","ocean_center_header_left_menu":"","ocean_custom_header_template":"","ocean_custom_logo":0,"ocean_custom_retina_logo":0,"ocean_custom_logo_max_width":0,"ocean_custom_logo_tablet_max_width":0,"ocean_custom_logo_mobile_max_width":0,"ocean_custom_logo_max_height":0,"ocean_custom_logo_tablet_max_height":0,"ocean_custom_logo_mobile_max_height":0,"ocean_header_custom_menu":"","ocean_menu_typo_font_family":"","ocean_menu_typo_font_subset":"","ocean_menu_typo_font_size":0,"ocean_menu_typo_font_size_tablet":0,"ocean_menu_typo_font_size_mobile":0,"ocean_menu_typo_font_size_unit":"px","ocean_menu_typo_font_weight":"","ocean_menu_typo_font_weight_tablet":"","ocean_menu_typo_font_weight_mobile":"","ocean_menu_typo_transform":"","ocean_menu_typo_transform_tablet":"","ocean_menu_typo_transform_mobile":"","ocean_menu_typo_line_height":0,"ocean_menu_typo_line_height_tablet":0,"ocean_menu_typo_line_height_mobile":0,"ocean_menu_typo_line_height_unit":"","ocean_menu_typo_spacing":0,"ocean_menu_typo_spacing_tablet":0,"ocean_menu_typo_spacing_mobile":0,"ocean_menu_typo_spacing_unit":"","ocean_menu_link_color":"","ocean_menu_link_color_hover":"","ocean_menu_link_color_active":"","ocean_menu_link_background":"","ocean_menu_link_hover_background":"","ocean_menu_link_active_background":"","ocean_menu_social_links_bg":"","ocean_menu_social_hover_links_bg":"","ocean_menu_social_links_color":"","ocean_menu_social_hover_links_color":"","ocean_disable_title":"default","ocean_disable_heading":"default","ocean_post_title":"","ocean_post_subheading":"","ocean_post_title_style":"","ocean_post_title_background_color":"","ocean_post_title_background":0,"ocean_post_title_bg_image_position":"","ocean_post_title_bg_image_attachment":"","ocean_post_title_bg_image_repeat":"","ocean_post_title_bg_image_size":"","ocean_post_title_height":0,"ocean_post_title_bg_overlay":0.5,"ocean_post_title_bg_overlay_color":"","ocean_disable_breadcrumbs":"default","ocean_breadcrumbs_color":"","ocean_breadcrumbs_separator_color":"","ocean_breadcrumbs_links_color":"","ocean_breadcrumbs_links_hover_color":"","ocean_display_footer_widgets":"default","ocean_display_footer_bottom":"default","ocean_custom_footer_template":"","footnotes":""},"class_list":["post-48","page","type-page","status-publish","hentry","entry"],"_links":{"self":[{"href":"https:\/\/schuleanderfeuerwache.com\/index.php?rest_route=\/wp\/v2\/pages\/48","targetHints":{"allow":["GET"]}}],"collection":[{"href":"https:\/\/schuleanderfeuerwache.com\/index.php?rest_route=\/wp\/v2\/pages"}],"about":[{"href":"https:\/\/schuleanderfeuerwache.com\/index.php?rest_route=\/wp\/v2\/types\/page"}],"author":[{"embeddable":true,"href":"https:\/\/schuleanderfeuerwache.com\/index.php?rest_route=\/wp\/v2\/users\/1"}],"replies":[{"embeddable":true,"href":"https:\/\/schuleanderfeuerwache.com\/index.php?rest_route=%2Fwp%2Fv2%2Fcomments&post=48"}],"version-history":[{"count":4,"href":"https:\/\/schuleanderfeuerwache.com\/index.php?rest_route=\/wp\/v2\/pages\/48\/revisions"}],"predecessor-version":[{"id":402,"href":"https:\/\/schuleanderfeuerwache.com\/index.php?rest_route=\/wp\/v2\/pages\/48\/revisions\/402"}],"wp:attachment":[{"href":"https:\/\/schuleanderfeuerwache.com\/index.php?rest_route=%2Fwp%2Fv2%2Fmedia&parent=48"}],"curies":[{"name":"wp","href":"https:\/\/api.w.org\/{rel}","templated":true}]}}