{"id":50,"date":"2024-05-31T12:49:51","date_gmt":"2024-05-31T12:49:51","guid":{"rendered":"http:\/\/schuleanderfeuerwache.com\/?page_id=50"},"modified":"2025-09-07T13:50:51","modified_gmt":"2025-09-07T13:50:51","slug":"unterrichtszeiten","status":"publish","type":"page","link":"https:\/\/schuleanderfeuerwache.com\/?page_id=50","title":{"rendered":"Unterrichtszeiten"},"content":{"rendered":"\n<figure class=\"wp-block-table\"><table class=\"has-fixed-layout\"><tbody><tr><td class=\"has-text-align-center\" data-align=\"center\">Block<\/td><td class=\"has-text-align-center\" data-align=\"center\">Stunde  \/ Klassenstufe<\/td><td class=\"has-text-align-center\" data-align=\"center\">Uhrzeit<\/td><td class=\"has-text-align-center\" data-align=\"center\">Montag &#8211; Freitag<\/td><\/tr><tr><td class=\"has-text-align-center\" data-align=\"center\"><\/td><td class=\"has-text-align-center\" data-align=\"center\">alle Kinder mit eF\u00f6B-Vertrag<\/td><td class=\"has-text-align-center\" data-align=\"center\">06:00 &#8211; 07:30 Uhr<\/td><td class=\"has-text-align-center\" data-align=\"center\">F\u00fcr Kinder mit eF\u00f6B-Vertrag findet die Fr\u00fchbetreuung statt<\/td><\/tr><tr><td class=\"has-text-align-center\" data-align=\"center\"><\/td><td class=\"has-text-align-center\" data-align=\"center\">Klasse 1 &#8211; 6 <\/td><td class=\"has-text-align-center\" data-align=\"center\">07:30 &#8211; 07:45 Uhr<\/td><td class=\"has-text-align-center\" data-align=\"center\">Betreuung auf dem Hof durch p\u00e4dagogisches Personal<\/td><\/tr><tr><td class=\"has-text-align-center\" data-align=\"center\"><\/td><td class=\"has-text-align-center\" data-align=\"center\"><\/td><td class=\"has-text-align-center\" data-align=\"center\">07:45 &#8211; 08:00 Uhr<\/td><td class=\"has-text-align-center\" data-align=\"center\">Betreten f\u00fcr Sch\u00fclerinnen und Sch\u00fcler gestattet, Fach- oder Klassenlehrer\/-in f\u00fchrt Aufsicht<\/td><\/tr><tr><td class=\"has-text-align-center\" data-align=\"center\">I<\/td><td class=\"has-text-align-center\" data-align=\"center\">1.Stunde<\/td><td class=\"has-text-align-center\" data-align=\"center\">08:00 &#8211; 08:45 Uhr<\/td><td class=\"has-text-align-center\" data-align=\"center\">1.Stunde mit zehnmin\u00fctiger Fr\u00fchst\u00fcckspause<\/td><\/tr><tr><td class=\"has-text-align-center\" data-align=\"center\">I<\/td><td class=\"has-text-align-center\" data-align=\"center\">2.Stunde<\/td><td class=\"has-text-align-center\" data-align=\"center\">08:55 &#8211; 09:40 Uhr<\/td><td class=\"has-text-align-center\" data-align=\"center\">2.Stunde<\/td><\/tr><tr><td class=\"has-text-align-center\" data-align=\"center\"><\/td><td class=\"has-text-align-center\" data-align=\"center\">1.Hofpause<\/td><td class=\"has-text-align-center\" data-align=\"center\">09:40 &#8211; 09:55 Uhr<\/td><td class=\"has-text-align-center\" data-align=\"center\">Aktive Pause<\/td><\/tr><tr><td class=\"has-text-align-center\" data-align=\"center\">II<\/td><td class=\"has-text-align-center\" data-align=\"center\">3.Stunde<\/td><td class=\"has-text-align-center\" data-align=\"center\">09:55 &#8211; 10:40 Uhr<\/td><td class=\"has-text-align-center\" data-align=\"center\">3.Stunde<\/td><\/tr><tr><td class=\"has-text-align-center\" data-align=\"center\">II<\/td><td class=\"has-text-align-center\" data-align=\"center\">4.Stunde<\/td><td class=\"has-text-align-center\" data-align=\"center\">10:45 &#8211; 11:30 Uhr<\/td><td class=\"has-text-align-center\" data-align=\"center\">4.Stunde, Mittagessen f\u00fcr bestimmte Klassen <\/td><\/tr><tr><td class=\"has-text-align-center\" data-align=\"center\"><\/td><td class=\"has-text-align-center\" data-align=\"center\">2.Hofpause<\/td><td class=\"has-text-align-center\" data-align=\"center\">11:30 &#8211; 12:00 Uhr<\/td><td class=\"has-text-align-center\" data-align=\"center\">Mittagessen 1. Durchgang, Aktive Pause <\/td><\/tr><tr><td class=\"has-text-align-center\" data-align=\"center\">III<\/td><td class=\"has-text-align-center\" data-align=\"center\">5.Stunde<\/td><td class=\"has-text-align-center\" data-align=\"center\">12:00 &#8211; 12:45 Uhr<\/td><td class=\"has-text-align-center\" data-align=\"center\">5.Stunde, Mittagessen f\u00fcr f\u00fcr bestimmte Klassen <\/td><\/tr><tr><td class=\"has-text-align-center\" data-align=\"center\"><\/td><td class=\"has-text-align-center\" data-align=\"center\">3.Hofpause<\/td><td class=\"has-text-align-center\" data-align=\"center\">12:45 &#8211; 13:15 Uhr<\/td><td class=\"has-text-align-center\" data-align=\"center\">Mittagessen 2. Durchgang, Aktive Pause<\/td><\/tr><tr><td class=\"has-text-align-center\" data-align=\"center\">IV<\/td><td class=\"has-text-align-center\" data-align=\"center\">6.Stunde<\/td><td class=\"has-text-align-center\" data-align=\"center\">13:15 &#8211; 14:00 Uhr<\/td><td class=\"has-text-align-center\" data-align=\"center\">6.Stunde, Mittagessen f\u00fcrf\u00fcr bestimmte Klassen <\/td><\/tr><tr><td class=\"has-text-align-center\" data-align=\"center\">V<\/td><td class=\"has-text-align-center\" data-align=\"center\">7.Stunde<\/td><td class=\"has-text-align-center\" data-align=\"center\">14:05 &#8211; 14:50 Uhr<\/td><td class=\"has-text-align-center\" data-align=\"center\">7.Stunde<\/td><\/tr><tr><td class=\"has-text-align-center\" data-align=\"center\">VI<\/td><td class=\"has-text-align-center\" data-align=\"center\">8.Stunde<\/td><td class=\"has-text-align-center\" data-align=\"center\">14:50 &#8211; 15:35 Uhr<\/td><td class=\"has-text-align-center\" data-align=\"center\">8.Stunde<\/td><\/tr><tr><td class=\"has-text-align-center\" data-align=\"center\">VII<\/td><td class=\"has-text-align-center\" data-align=\"center\">alle Kinder mit eF\u00f6B-Vertrag<\/td><td class=\"has-text-align-center\" data-align=\"center\">13:30 &#8211; 18:00 Uhr<\/td><td class=\"has-text-align-center\" data-align=\"center\">F\u00fcr Kinder mit eF\u00f6B-Vertrag findet die Nachmittags- und Sp\u00e4tbetreuung statt<\/td><\/tr><\/tbody><\/table><\/figure>\n\n\n\n<p><\/p>\n\n\n\n<p><\/p>\n","protected":false},"excerpt":{"rendered":"<p>Block Stunde \/ Klassenstufe Uhrzeit Montag &#8211; Freitag alle Kinder mit eF\u00f6B-Vertrag 06:00 &#8211; 07:30 Uhr F\u00fcr Kinder mit eF\u00f6B-Vertrag findet die Fr\u00fchbetreuung statt Klasse 1 &#8211; 6 07:30 &#8211; 07:45 Uhr Betreuung auf dem Hof durch p\u00e4dagogisches Personal 07:45 &#8211; 08:00 Uhr Betreten f\u00fcr Sch\u00fclerinnen und Sch\u00fcler gestattet, Fach- oder Klassenlehrer\/-in f\u00fchrt Aufsicht I [&hellip;]<\/p>\n","protected":false},"author":1,"featured_media":0,"parent":0,"menu_order":0,"comment_status":"closed","ping_status":"closed","template":"","meta":{"ocean_post_layout":"","ocean_both_sidebars_style":"","ocean_both_sidebars_content_width":0,"ocean_both_sidebars_sidebars_width":0,"ocean_sidebar":"","ocean_second_sidebar":"","ocean_disable_margins":"enable","ocean_add_body_class":"","ocean_shortcode_before_top_bar":"","ocean_shortcode_after_top_bar":"","ocean_shortcode_before_header":"","ocean_shortcode_after_header":"","ocean_has_shortcode":"","ocean_shortcode_after_title":"","ocean_shortcode_before_footer_widgets":"","ocean_shortcode_after_footer_widgets":"","ocean_shortcode_before_footer_bottom":"","ocean_shortcode_after_footer_bottom":"","ocean_display_top_bar":"default","ocean_display_header":"default","ocean_header_style":"","ocean_center_header_left_menu":"","ocean_custom_header_template":"","ocean_custom_logo":0,"ocean_custom_retina_logo":0,"ocean_custom_logo_max_width":0,"ocean_custom_logo_tablet_max_width":0,"ocean_custom_logo_mobile_max_width":0,"ocean_custom_logo_max_height":0,"ocean_custom_logo_tablet_max_height":0,"ocean_custom_logo_mobile_max_height":0,"ocean_header_custom_menu":"","ocean_menu_typo_font_family":"","ocean_menu_typo_font_subset":"","ocean_menu_typo_font_size":0,"ocean_menu_typo_font_size_tablet":0,"ocean_menu_typo_font_size_mobile":0,"ocean_menu_typo_font_size_unit":"px","ocean_menu_typo_font_weight":"","ocean_menu_typo_font_weight_tablet":"","ocean_menu_typo_font_weight_mobile":"","ocean_menu_typo_transform":"","ocean_menu_typo_transform_tablet":"","ocean_menu_typo_transform_mobile":"","ocean_menu_typo_line_height":0,"ocean_menu_typo_line_height_tablet":0,"ocean_menu_typo_line_height_mobile":0,"ocean_menu_typo_line_height_unit":"","ocean_menu_typo_spacing":0,"ocean_menu_typo_spacing_tablet":0,"ocean_menu_typo_spacing_mobile":0,"ocean_menu_typo_spacing_unit":"","ocean_menu_link_color":"","ocean_menu_link_color_hover":"","ocean_menu_link_color_active":"","ocean_menu_link_background":"","ocean_menu_link_hover_background":"","ocean_menu_link_active_background":"","ocean_menu_social_links_bg":"","ocean_menu_social_hover_links_bg":"","ocean_menu_social_links_color":"","ocean_menu_social_hover_links_color":"","ocean_disable_title":"default","ocean_disable_heading":"default","ocean_post_title":"","ocean_post_subheading":"","ocean_post_title_style":"","ocean_post_title_background_color":"","ocean_post_title_background":0,"ocean_post_title_bg_image_position":"","ocean_post_title_bg_image_attachment":"","ocean_post_title_bg_image_repeat":"","ocean_post_title_bg_image_size":"","ocean_post_title_height":0,"ocean_post_title_bg_overlay":0.5,"ocean_post_title_bg_overlay_color":"","ocean_disable_breadcrumbs":"default","ocean_breadcrumbs_color":"","ocean_breadcrumbs_separator_color":"","ocean_breadcrumbs_links_color":"","ocean_breadcrumbs_links_hover_color":"","ocean_display_footer_widgets":"default","ocean_display_footer_bottom":"default","ocean_custom_footer_template":"","footnotes":""},"class_list":["post-50","page","type-page","status-publish","hentry","entry"],"_links":{"self":[{"href":"https:\/\/schuleanderfeuerwache.com\/index.php?rest_route=\/wp\/v2\/pages\/50","targetHints":{"allow":["GET"]}}],"collection":[{"href":"https:\/\/schuleanderfeuerwache.com\/index.php?rest_route=\/wp\/v2\/pages"}],"about":[{"href":"https:\/\/schuleanderfeuerwache.com\/index.php?rest_route=\/wp\/v2\/types\/page"}],"author":[{"embeddable":true,"href":"https:\/\/schuleanderfeuerwache.com\/index.php?rest_route=\/wp\/v2\/users\/1"}],"replies":[{"embeddable":true,"href":"https:\/\/schuleanderfeuerwache.com\/index.php?rest_route=%2Fwp%2Fv2%2Fcomments&post=50"}],"version-history":[{"count":9,"href":"https:\/\/schuleanderfeuerwache.com\/index.php?rest_route=\/wp\/v2\/pages\/50\/revisions"}],"predecessor-version":[{"id":611,"href":"https:\/\/schuleanderfeuerwache.com\/index.php?rest_route=\/wp\/v2\/pages\/50\/revisions\/611"}],"wp:attachment":[{"href":"https:\/\/schuleanderfeuerwache.com\/index.php?rest_route=%2Fwp%2Fv2%2Fmedia&parent=50"}],"curies":[{"name":"wp","href":"https:\/\/api.w.org\/{rel}","templated":true}]}}