{"id":732,"date":"2025-11-13T11:23:02","date_gmt":"2025-11-13T11:23:02","guid":{"rendered":"https:\/\/schuleanderfeuerwache.com\/?page_id=732"},"modified":"2025-12-12T12:04:32","modified_gmt":"2025-12-12T12:04:32","slug":"wie-sah-unsere-schule-frueher-aus-wer-lernte-hier-und-wie-war-der-unterricht-vor-hundert-jahren","status":"publish","type":"page","link":"https:\/\/schuleanderfeuerwache.com\/?page_id=732","title":{"rendered":"Schulhistorie: Ein Projekt der 6c"},"content":{"rendered":"\n<figure class=\"wp-block-pullquote\"><blockquote><p><span style=\"caret-color: rgb(0, 0, 0); color: rgb(0, 0, 0); font-family: -webkit-standard; font-size: medium; font-style: normal; text-align: start; white-space: normal;\">Wie sah unsere Schule fr\u00fcher aus? Wer lernte hier, und wie war der Unterricht vor hundert Jahren? Diesen Fragen gingen die Sch\u00fcler:innen der 6c im Gesellschaftswissenschaftsunterricht nach. In Gruppen erforschten sie die Geschichte der Grundschule an der Alten Feuerwache \u2013 von der Zeit ihrer Gr\u00fcndung bis heute. Aus historischen Fotos, alten Dokumenten und Texten entstanden kreative Produkte: ein Erkl\u00e4rvideo, Podcasts, ein H\u00f6rspiel und Plakate. So wurde aus Vergangenheit lebendige Geschichte. Die Ergebnisse zeigen, wie spannend Schulgeschichte sein kann \u2013 und wie sehr sich Schule im Laufe der Zeit ver\u00e4ndert hat.<\/span><\/p><\/blockquote><\/figure>\n\n\n\n<div style=\"height:100px\" aria-hidden=\"true\" class=\"wp-block-spacer\"><\/div>\n\n\n\n<p class=\"has-text-align-center\"><strong>Der Bau unserer Schule<\/strong><\/p>\n\n\n\n<figure class=\"wp-block-audio\"><audio controls src=\"https:\/\/schuleanderfeuerwache.com\/wp-content\/uploads\/2025\/12\/Der-Bau-der-Schule.mp3\"><\/audio><\/figure>\n\n\n\n<div style=\"height:52px\" aria-hidden=\"true\" class=\"wp-block-spacer\"><\/div>\n\n\n\n<blockquote class=\"wp-block-quote is-layout-flow wp-block-quote-is-layout-flow\">\n<p class=\"has-text-align-center\"><strong>Die Zeit nach der Gr\u00fcndung<\/strong><\/p>\n<\/blockquote>\n\n\n\n<figure class=\"wp-block-image size-large\"><img loading=\"lazy\" decoding=\"async\" width=\"1024\" height=\"719\" src=\"https:\/\/schuleanderfeuerwache.com\/wp-content\/uploads\/2025\/12\/Die-Zeit-nach-der-Gruendung-1024x719.jpeg\" alt=\"\" class=\"wp-image-771\" srcset=\"https:\/\/schuleanderfeuerwache.com\/wp-content\/uploads\/2025\/12\/Die-Zeit-nach-der-Gruendung-1024x719.jpeg 1024w, https:\/\/schuleanderfeuerwache.com\/wp-content\/uploads\/2025\/12\/Die-Zeit-nach-der-Gruendung-300x211.jpeg 300w, https:\/\/schuleanderfeuerwache.com\/wp-content\/uploads\/2025\/12\/Die-Zeit-nach-der-Gruendung-768x539.jpeg 768w, https:\/\/schuleanderfeuerwache.com\/wp-content\/uploads\/2025\/12\/Die-Zeit-nach-der-Gruendung-1536x1079.jpeg 1536w, https:\/\/schuleanderfeuerwache.com\/wp-content\/uploads\/2025\/12\/Die-Zeit-nach-der-Gruendung-2048x1438.jpeg 2048w\" sizes=\"auto, (max-width: 1024px) 100vw, 1024px\" \/><\/figure>\n\n\n\n<div style=\"height:61px\" aria-hidden=\"true\" class=\"wp-block-spacer\"><\/div>\n\n\n\n<p class=\"has-text-align-center\"><strong>Die vielen Namen der Schule<\/strong><\/p>\n\n\n\n<figure class=\"wp-block-audio\"><audio controls src=\"https:\/\/schuleanderfeuerwache.com\/wp-content\/uploads\/2025\/12\/Die-vielen-Namen.mp3\"><\/audio><\/figure>\n\n\n\n<blockquote class=\"wp-block-quote is-layout-flow wp-block-quote-is-layout-flow\">\n<p><\/p>\n<\/blockquote>\n\n\n\n<div style=\"height:94px\" aria-hidden=\"true\" class=\"wp-block-spacer\"><\/div>\n\n\n\n<p class=\"has-text-align-center\"><strong>Der Schulalltag fr\u00fcher<\/strong><\/p>\n\n\n\n<blockquote class=\"wp-block-quote is-layout-flow wp-block-quote-is-layout-flow\">\n<figure class=\"wp-block-audio\"><audio controls src=\"https:\/\/schuleanderfeuerwache.com\/wp-content\/uploads\/2025\/12\/Schultag-frueher.mp3\"><\/audio><\/figure>\n<\/blockquote>\n\n\n\n<blockquote class=\"wp-block-quote is-layout-flow wp-block-quote-is-layout-flow\">\n<p><\/p>\n<\/blockquote>\n\n\n\n<div style=\"height:100px\" aria-hidden=\"true\" class=\"wp-block-spacer\"><\/div>\n\n\n\n<p class=\"has-text-align-center\"><strong>Schulhistorie Teil 1<\/strong><\/p>\n\n\n\n<figure class=\"wp-block-video\"><video height=\"1080\" style=\"aspect-ratio: 1920 \/ 1080;\" width=\"1920\" controls src=\"https:\/\/schuleanderfeuerwache.com\/wp-content\/uploads\/2025\/12\/Niederschoeneweide-vor-100-Jahren-copy.mov\"><\/video><\/figure>\n\n\n\n<blockquote class=\"wp-block-quote is-layout-flow wp-block-quote-is-layout-flow\"><\/blockquote>\n\n\n\n<blockquote class=\"wp-block-quote is-layout-flow wp-block-quote-is-layout-flow\">\n<p><\/p>\n<\/blockquote>\n\n\n\n<p class=\"has-text-align-center\"><strong>Schulhistorie Teil 2<\/strong><\/p>\n\n\n\n<figure class=\"wp-block-video\"><video height=\"1080\" style=\"aspect-ratio: 1920 \/ 1080;\" width=\"1920\" controls src=\"https:\/\/schuleanderfeuerwache.com\/wp-content\/uploads\/2025\/12\/Schulhistorie-Teil-2.mov\"><\/video><\/figure>\n","protected":false},"excerpt":{"rendered":"<p>Wie sah unsere Schule fr\u00fcher aus? Wer lernte hier, und wie war der Unterricht vor hundert Jahren? Diesen Fragen gingen die Sch\u00fcler:innen der 6c im Gesellschaftswissenschaftsunterricht nach. In Gruppen erforschten sie die Geschichte der Grundschule an der Alten Feuerwache \u2013 von der Zeit ihrer Gr\u00fcndung bis heute. Aus historischen Fotos, alten Dokumenten und Texten entstanden [&hellip;]<\/p>\n","protected":false},"author":1,"featured_media":0,"parent":0,"menu_order":0,"comment_status":"closed","ping_status":"closed","template":"","meta":{"ocean_post_layout":"","ocean_both_sidebars_style":"","ocean_both_sidebars_content_width":0,"ocean_both_sidebars_sidebars_width":0,"ocean_sidebar":"","ocean_second_sidebar":"","ocean_disable_margins":"enable","ocean_add_body_class":"","ocean_shortcode_before_top_bar":"","ocean_shortcode_after_top_bar":"","ocean_shortcode_before_header":"","ocean_shortcode_after_header":"","ocean_has_shortcode":"","ocean_shortcode_after_title":"","ocean_shortcode_before_footer_widgets":"","ocean_shortcode_after_footer_widgets":"","ocean_shortcode_before_footer_bottom":"","ocean_shortcode_after_footer_bottom":"","ocean_display_top_bar":"default","ocean_display_header":"default","ocean_header_style":"","ocean_center_header_left_menu":"","ocean_custom_header_template":"","ocean_custom_logo":0,"ocean_custom_retina_logo":0,"ocean_custom_logo_max_width":0,"ocean_custom_logo_tablet_max_width":0,"ocean_custom_logo_mobile_max_width":0,"ocean_custom_logo_max_height":0,"ocean_custom_logo_tablet_max_height":0,"ocean_custom_logo_mobile_max_height":0,"ocean_header_custom_menu":"","ocean_menu_typo_font_family":"","ocean_menu_typo_font_subset":"","ocean_menu_typo_font_size":0,"ocean_menu_typo_font_size_tablet":0,"ocean_menu_typo_font_size_mobile":0,"ocean_menu_typo_font_size_unit":"px","ocean_menu_typo_font_weight":"","ocean_menu_typo_font_weight_tablet":"","ocean_menu_typo_font_weight_mobile":"","ocean_menu_typo_transform":"","ocean_menu_typo_transform_tablet":"","ocean_menu_typo_transform_mobile":"","ocean_menu_typo_line_height":0,"ocean_menu_typo_line_height_tablet":0,"ocean_menu_typo_line_height_mobile":0,"ocean_menu_typo_line_height_unit":"","ocean_menu_typo_spacing":0,"ocean_menu_typo_spacing_tablet":0,"ocean_menu_typo_spacing_mobile":0,"ocean_menu_typo_spacing_unit":"","ocean_menu_link_color":"","ocean_menu_link_color_hover":"","ocean_menu_link_color_active":"","ocean_menu_link_background":"","ocean_menu_link_hover_background":"","ocean_menu_link_active_background":"","ocean_menu_social_links_bg":"","ocean_menu_social_hover_links_bg":"","ocean_menu_social_links_color":"","ocean_menu_social_hover_links_color":"","ocean_disable_title":"default","ocean_disable_heading":"default","ocean_post_title":"","ocean_post_subheading":"","ocean_post_title_style":"","ocean_post_title_background_color":"","ocean_post_title_background":0,"ocean_post_title_bg_image_position":"","ocean_post_title_bg_image_attachment":"","ocean_post_title_bg_image_repeat":"","ocean_post_title_bg_image_size":"","ocean_post_title_height":0,"ocean_post_title_bg_overlay":0.5,"ocean_post_title_bg_overlay_color":"","ocean_disable_breadcrumbs":"default","ocean_breadcrumbs_color":"","ocean_breadcrumbs_separator_color":"","ocean_breadcrumbs_links_color":"","ocean_breadcrumbs_links_hover_color":"","ocean_display_footer_widgets":"default","ocean_display_footer_bottom":"default","ocean_custom_footer_template":"","footnotes":""},"class_list":["post-732","page","type-page","status-publish","hentry","entry"],"_links":{"self":[{"href":"https:\/\/schuleanderfeuerwache.com\/index.php?rest_route=\/wp\/v2\/pages\/732","targetHints":{"allow":["GET"]}}],"collection":[{"href":"https:\/\/schuleanderfeuerwache.com\/index.php?rest_route=\/wp\/v2\/pages"}],"about":[{"href":"https:\/\/schuleanderfeuerwache.com\/index.php?rest_route=\/wp\/v2\/types\/page"}],"author":[{"embeddable":true,"href":"https:\/\/schuleanderfeuerwache.com\/index.php?rest_route=\/wp\/v2\/users\/1"}],"replies":[{"embeddable":true,"href":"https:\/\/schuleanderfeuerwache.com\/index.php?rest_route=%2Fwp%2Fv2%2Fcomments&post=732"}],"version-history":[{"count":17,"href":"https:\/\/schuleanderfeuerwache.com\/index.php?rest_route=\/wp\/v2\/pages\/732\/revisions"}],"predecessor-version":[{"id":809,"href":"https:\/\/schuleanderfeuerwache.com\/index.php?rest_route=\/wp\/v2\/pages\/732\/revisions\/809"}],"wp:attachment":[{"href":"https:\/\/schuleanderfeuerwache.com\/index.php?rest_route=%2Fwp%2Fv2%2Fmedia&parent=732"}],"curies":[{"name":"wp","href":"https:\/\/api.w.org\/{rel}","templated":true}]}}