{"id":75,"date":"2024-05-31T13:00:49","date_gmt":"2024-05-31T13:00:49","guid":{"rendered":"http:\/\/schuleanderfeuerwache.com\/?page_id=75"},"modified":"2026-04-15T07:24:26","modified_gmt":"2026-04-15T07:24:26","slug":"startseite","status":"publish","type":"page","link":"https:\/\/schuleanderfeuerwache.com\/","title":{"rendered":"Startseite"},"content":{"rendered":"\n<div id=\"marquee\" class=\"marquee\"><span>       \nHerzlich Willkommen! Die zweite Ausgabe unserer Sch\u00fclerzeitung &#8222;Der Funkenflug&#8220; finden Sie jetzt unter &#8222;Wir \u00fcber uns&#8220; &#8222;Der Funkenflug-Sch\u00fclerzeitung&#8220;.\n <\/span><\/div>\n<style>\n\t.marquee {\n\t\tmax-width: 100vw; \/* iOS braucht das *\/\n\t\twhite-space: nowrap;\n\t\toverflow: hidden;\ncolor: #02912b;\n\t\t\/* hier evtl. noch font-size, color usw. *\/\n\t}\n\n\t.marquee span {\n\t\tdisplay: inline-block;\n\t\tpadding-left: 105%; \/* die zus\u00e4tzlichen 5% erzeugen einen verz\u00f6gerten Start und vermeiden so ein Ruckeln auf langsamen Seiten *\/\n\t\tanimation: marquee 20s linear infinite;\n\t}\n\n\t\/* Optional: mouseover (oder Tipp auf dem Touchscreen) pausiert die Laufschrift *\/\n\t.marquee span:hover {\n\t\tanimation-play-state: paused \n\t}\n\n\t\/* Make it move *\/\n\t@keyframes marquee {\n\t    0%   {transform: translate3d(0,0,0);}\n\t    100% {transform: translate3d(-100%,0,0);}\n\t}\n<\/style>\n\n\n<div class=\"wp-block-image\">\n<figure class=\"alignright size-full is-resized\"><img loading=\"lazy\" decoding=\"async\" width=\"2560\" height=\"1920\" src=\"https:\/\/schuleanderfeuerwache.com\/wp-content\/uploads\/2025\/01\/IMG_1653-scaled.jpeg\" alt=\"Au\u00dfenansicht Schule an der alten Feuerwache\" class=\"wp-image-141\" style=\"width:465px;height:auto\" srcset=\"https:\/\/schuleanderfeuerwache.com\/wp-content\/uploads\/2025\/01\/IMG_1653-scaled.jpeg 2560w, https:\/\/schuleanderfeuerwache.com\/wp-content\/uploads\/2025\/01\/IMG_1653-300x225.jpeg 300w, https:\/\/schuleanderfeuerwache.com\/wp-content\/uploads\/2025\/01\/IMG_1653-1024x768.jpeg 1024w, https:\/\/schuleanderfeuerwache.com\/wp-content\/uploads\/2025\/01\/IMG_1653-768x576.jpeg 768w, https:\/\/schuleanderfeuerwache.com\/wp-content\/uploads\/2025\/01\/IMG_1653-1536x1152.jpeg 1536w, https:\/\/schuleanderfeuerwache.com\/wp-content\/uploads\/2025\/01\/IMG_1653-2048x1536.jpeg 2048w\" sizes=\"auto, (max-width: 2560px) 100vw, 2560px\" \/><\/figure>\n<\/div>\n\n\n<h1 class=\"wp-block-heading\">Herzlich Willkommen<\/h1>\n\n\n\n<p><strong>auf der Homepage der Grundschule an der alten Feuerwache in Berlin Niedersch\u00f6neweide<\/strong><\/p>\n\n\n\n<p>Sie erfahren hier Allgemeines, Interessantes und viele Neuigkeiten aus unserem Schulleben, finden aber auch&nbsp; n\u00fctzliche Downloadlinks f\u00fcr Formulare.<br>Viel Spa\u00df beim Durchst\u00f6bern unserer Seiten.<br>Sollten Sie Fragen, Anregungen oder Vorschl\u00e4ge haben, dann schreiben Sie uns.<br>Es gr\u00fc\u00dfen die Sch\u00fclerinnen und Sch\u00fcler, das Kollegium sowie die Schulleitung.<\/p>\n\n\n\n<p><\/p>\n\n\n\n<div style=\"height:46px\" aria-hidden=\"true\" class=\"wp-block-spacer\"><\/div>\n\n\n\n<div class=\"wp-block-group alignfull\" style=\"padding-top:var(--wp--preset--spacing--30);padding-right:var(--wp--preset--spacing--30);padding-bottom:var(--wp--preset--spacing--30);padding-left:var(--wp--preset--spacing--30)\"><div class=\"wp-block-group__inner-container is-layout-constrained wp-container-core-group-is-layout-97875daf wp-block-group-is-layout-constrained\">\n<div style=\"height:14px\" aria-hidden=\"true\" class=\"wp-block-spacer\"><\/div>\n\n\n\n<hr class=\"wp-block-separator has-alpha-channel-opacity\"\/>\n<\/div><\/div>\n\n\n\n\n\n\n\n<div class=\"wp-block-columns is-layout-flex wp-container-core-columns-is-layout-9d6595d7 wp-block-columns-is-layout-flex\">\n<div class=\"wp-block-column is-layout-flow wp-block-column-is-layout-flow\">\n<figure class=\"wp-block-image size-large\"><img loading=\"lazy\" decoding=\"async\" width=\"1024\" height=\"576\" src=\"https:\/\/schuleanderfeuerwache.com\/wp-content\/uploads\/2025\/02\/20141027_102053-1-1024x576.jpg\" alt=\"\" class=\"wp-image-435\" srcset=\"https:\/\/schuleanderfeuerwache.com\/wp-content\/uploads\/2025\/02\/20141027_102053-1-1024x576.jpg 1024w, https:\/\/schuleanderfeuerwache.com\/wp-content\/uploads\/2025\/02\/20141027_102053-1-300x169.jpg 300w, https:\/\/schuleanderfeuerwache.com\/wp-content\/uploads\/2025\/02\/20141027_102053-1-768x432.jpg 768w, https:\/\/schuleanderfeuerwache.com\/wp-content\/uploads\/2025\/02\/20141027_102053-1-1536x864.jpg 1536w, https:\/\/schuleanderfeuerwache.com\/wp-content\/uploads\/2025\/02\/20141027_102053-1-2048x1152.jpg 2048w, https:\/\/schuleanderfeuerwache.com\/wp-content\/uploads\/2025\/02\/20141027_102053-1-800x450.jpg 800w\" sizes=\"auto, (max-width: 1024px) 100vw, 1024px\" \/><\/figure>\n<\/div>\n\n\n\n<div class=\"wp-block-column is-vertically-aligned-center is-layout-flow wp-block-column-is-layout-flow\">\n<h2 class=\"wp-block-heading\">Unsere Termine<\/h2>\n\n\n\n<ul class=\"wp-block-list\">\n<li><strong>16.4.<\/strong> Bewegungschallenge<\/li>\n\n\n\n<li><strong>21.4.<\/strong> Lernentwicklungsgespr\u00e4che<\/li>\n\n\n\n<li><strong>22.4.<\/strong> Essenkommission<\/li>\n\n\n\n<li><strong>28.4.<\/strong> Schulinterne Turniere: Ball \u00fcber die Schnurturnier (3. Klassen) &amp; Zwei-Felderballturnier (5. Klassen)<\/li>\n\n\n\n<li><strong>29.4.<\/strong> Schulinterne Turniere: Zwei-Felderballturnier (4. &amp; 6. Klassen)<\/li>\n\n\n\n<li><strong>01.05.<\/strong> <strong><mark style=\"background-color:rgba(0, 0, 0, 0)\" class=\"has-inline-color has-luminous-vivid-orange-color\">Schulfrei<\/mark><\/strong> &#8211; Tag der Arbeit<\/li>\n\n\n\n<li><strong>04.-08.05.<\/strong> Willibaldwoche (zuk\u00fcnfige Schulkinder)<\/li>\n\n\n\n<li><strong>13.05.<\/strong> Schulinternes Turnier: Ball \u00fcber die Schnurturnier (1. &amp; 2. Klassen)<\/li>\n\n\n\n<li><strong>14.-15.05.<\/strong> <strong><mark style=\"background-color:rgba(0, 0, 0, 0)\" class=\"has-inline-color has-luminous-vivid-orange-color\">Schulfrei<\/mark><\/strong> &#8211; Christi Himmelfahrt (&amp; Br\u00fccktag)<\/li>\n\n\n\n<li><strong>25.-26.05.<\/strong> <strong><mark style=\"background-color:rgba(0, 0, 0, 0)\" class=\"has-inline-color has-luminous-vivid-orange-color\">Schulfrei<\/mark><\/strong> &#8211; Pfingsten<\/li>\n\n\n\n<li><strong>28.05.<\/strong> Schulexterne Fu\u00dfballturnier &#8222;Union macht Schule Pokal&#8220;<\/li>\n\n\n\n<li><strong>04.06.<\/strong> Schulsportfest in Adlershof (3. &#8211; 6. Klassen)<\/li>\n\n\n\n<li><strong>09.07. &#8211; 22.08.<\/strong> <strong><mark style=\"background-color:rgba(0, 0, 0, 0)\" class=\"has-inline-color has-luminous-vivid-orange-color\">Schulfrei<\/mark><\/strong> &#8211; Sommerferien<\/li>\n<\/ul>\n<\/div>\n<\/div>\n\n\n\n<div class=\"wp-block-group alignfull\" style=\"padding-top:var(--wp--preset--spacing--30);padding-right:var(--wp--preset--spacing--30);padding-bottom:var(--wp--preset--spacing--30);padding-left:var(--wp--preset--spacing--30)\"><div class=\"wp-block-group__inner-container is-layout-constrained wp-container-core-group-is-layout-97875daf wp-block-group-is-layout-constrained\">\n<div style=\"height:14px\" aria-hidden=\"true\" class=\"wp-block-spacer\"><\/div>\n\n\n\n<hr class=\"wp-block-separator has-alpha-channel-opacity\"\/>\n<\/div><\/div>\n\n\n\n\n\n<h2 class=\"wp-block-heading has-text-align-center\">Zuk\u00fcnftige Schulereignisse<\/h2>\n\n\n\n<div class=\"wp-block-columns are-vertically-aligned-center is-layout-flex wp-container-core-columns-is-layout-9d6595d7 wp-block-columns-is-layout-flex\">\n<div class=\"wp-block-column is-vertically-aligned-center is-layout-flow wp-block-column-is-layout-flow\" style=\"flex-basis:100%\">\n<div class=\"wp-block-columns are-vertically-aligned-center is-layout-flex wp-container-core-columns-is-layout-9d6595d7 wp-block-columns-is-layout-flex\">\n<div class=\"wp-block-column is-vertically-aligned-center is-layout-flow wp-block-column-is-layout-flow\">\n<div class=\"wp-block-columns is-layout-flex wp-container-core-columns-is-layout-9d6595d7 wp-block-columns-is-layout-flex\">\n<div class=\"wp-block-column is-layout-flow wp-block-column-is-layout-flow\">\n<p class=\"has-text-align-center\"><strong><mark style=\"background-color:rgba(0, 0, 0, 0);color:#00ab6c\" class=\"has-inline-color\">Sportfest &#8211; 04.06.2026<\/mark><\/strong><br><strong><mark style=\"background-color:rgba(0, 0, 0, 0)\" class=\"has-inline-color has-vivid-cyan-blue-color\"><a href=\"https:\/\/schuleanderfeuerwache.com\/wp-content\/uploads\/2026\/04\/ElternInformationsbrief-Sportfest-2026.pdf\">Hier<\/a> <\/mark><\/strong>Helfende Eltern gesucht!<\/p>\n<\/div>\n\n\n\n<div class=\"wp-block-column is-layout-flow wp-block-column-is-layout-flow\">\n<p class=\"has-text-align-center\"><mark style=\"background-color:rgba(0, 0, 0, 0);color:#00ab6c\" class=\"has-inline-color\"><strong>Eberswalder Zoo &#8211; 09.07.2026<\/strong><br><\/mark><a href=\"https:\/\/schuleanderfeuerwache.com\/wp-content\/uploads\/2026\/02\/Eberswalder-Zoo-26.pdf\" data-type=\"link\" data-id=\"https:\/\/schuleanderfeuerwache.com\/wp-content\/uploads\/2026\/02\/Eberswalder-Zoo-26.pdf\"><mark style=\"background-color:rgba(0, 0, 0, 0)\" class=\"has-inline-color has-vivid-cyan-blue-color\"><strong>Hier<\/strong> <\/mark><\/a>finden Sie alle Infos zum Ausflug in den Eberswalder Zoo.<\/p>\n<\/div>\n<\/div>\n<\/div>\n<\/div>\n<\/div>\n<\/div>\n\n\n\n<div class=\"wp-block-columns is-layout-flex wp-container-core-columns-is-layout-9d6595d7 wp-block-columns-is-layout-flex\">\n<div class=\"wp-block-column is-layout-flow wp-block-column-is-layout-flow\">\n<p class=\"has-text-align-center\"><strong><mark style=\"background-color:rgba(0, 0, 0, 0);color:#00ab6c\" class=\"has-inline-color\">Hoffest<\/mark> <mark style=\"background-color:rgba(0, 0, 0, 0)\" class=\"has-inline-color has-black-color\"><\/mark><mark style=\"background-color:rgba(0, 0, 0, 0);color:#00ab6c\" class=\"has-inline-color\">&#8211; 01.10.2026<\/mark><\/strong><br><strong><a href=\"https:\/\/schuleanderfeuerwache.com\/wp-content\/uploads\/2026\/02\/Hoffest-Neu-3-1.pdf\" data-type=\"link\" data-id=\"https:\/\/schuleanderfeuerwache.com\/wp-content\/uploads\/2026\/02\/Hoffest-Neu-3.pdf\"><mark style=\"background-color:rgba(0, 0, 0, 0)\" class=\"has-inline-color has-vivid-cyan-blue-color\">Hier<\/mark><\/a><\/strong> <a href=\"https:\/\/schuleanderfeuerwache.com\/wp-content\/uploads\/2026\/02\/Hoffest-Neu-3.pdf\" data-type=\"link\" data-id=\"https:\/\/schuleanderfeuerwache.com\/wp-content\/uploads\/2026\/02\/Hoffest-Neu-3.pdf\"><strong><mark style=\"background-color:rgba(0, 0, 0, 0)\" class=\"has-inline-color has-vivid-cyan-blue-color\"><\/mark><\/strong><\/a>finden Sie alle Informationen f\u00fcr das Hoffest<\/p>\n\n\n<div class=\"wp-block-image\">\n<figure class=\"aligncenter size-large\"><img loading=\"lazy\" decoding=\"async\" width=\"724\" height=\"1024\" src=\"https:\/\/schuleanderfeuerwache.com\/wp-content\/uploads\/2026\/02\/Hoffest-Neu-3-1-pdf-724x1024.jpg\" alt=\"\" class=\"wp-image-852\"\/><\/figure>\n<\/div><\/div>\n\n\n\n<div class=\"wp-block-column is-layout-flow wp-block-column-is-layout-flow\">\n<p class=\"has-text-align-center\"><mark style=\"background-color:rgba(0, 0, 0, 0);color:#00ab6c\" class=\"has-inline-color\"><strong>Herbst Ferienfahrt Querxenland &#8211; 19.10. bis 23.10.2026<\/strong><\/mark><br><a href=\"https:\/\/schuleanderfeuerwache.com\/wp-content\/uploads\/2026\/02\/Herbstfahrt-26.pdf\" data-type=\"link\" data-id=\"https:\/\/schuleanderfeuerwache.com\/wp-content\/uploads\/2026\/02\/Herbstfahrt-26.pdf\"><mark style=\"background-color:rgba(0, 0, 0, 0)\" class=\"has-inline-color has-vivid-cyan-blue-color\"><strong>Hier <\/strong><\/mark><\/a>finden Sie alle Infos zum Ausflug zur Ferienfahrt im Herbst.<\/p>\n<\/div>\n<\/div>\n\n\n\n<p><\/p>\n","protected":false},"excerpt":{"rendered":"<p>Herzlich Willkommen! Die zweite Ausgabe unserer Sch\u00fclerzeitung &#8222;Der Funkenflug&#8220; finden Sie jetzt unter &#8222;Wir \u00fcber uns&#8220; &#8222;Der Funkenflug-Sch\u00fclerzeitung&#8220;. Herzlich Willkommen auf der Homepage der Grundschule an der alten Feuerwache in Berlin Niedersch\u00f6neweide Sie erfahren hier Allgemeines, Interessantes und viele Neuigkeiten aus unserem Schulleben, finden aber auch&nbsp; n\u00fctzliche Downloadlinks f\u00fcr Formulare.Viel Spa\u00df beim Durchst\u00f6bern unserer Seiten.Sollten [&hellip;]<\/p>\n","protected":false},"author":1,"featured_media":0,"parent":0,"menu_order":0,"comment_status":"closed","ping_status":"closed","template":"","meta":{"ocean_post_layout":"full-width","ocean_both_sidebars_style":"","ocean_both_sidebars_content_width":0,"ocean_both_sidebars_sidebars_width":0,"ocean_sidebar":"","ocean_second_sidebar":"","ocean_disable_margins":"enable","ocean_add_body_class":"","ocean_shortcode_before_top_bar":"","ocean_shortcode_after_top_bar":"","ocean_shortcode_before_header":"","ocean_shortcode_after_header":"","ocean_has_shortcode":"","ocean_shortcode_after_title":"","ocean_shortcode_before_footer_widgets":"","ocean_shortcode_after_footer_widgets":"","ocean_shortcode_before_footer_bottom":"","ocean_shortcode_after_footer_bottom":"","ocean_display_top_bar":"default","ocean_display_header":"default","ocean_header_style":"","ocean_center_header_left_menu":"","ocean_custom_header_template":"","ocean_custom_logo":0,"ocean_custom_retina_logo":0,"ocean_custom_logo_max_width":0,"ocean_custom_logo_tablet_max_width":0,"ocean_custom_logo_mobile_max_width":0,"ocean_custom_logo_max_height":0,"ocean_custom_logo_tablet_max_height":0,"ocean_custom_logo_mobile_max_height":0,"ocean_header_custom_menu":"","ocean_menu_typo_font_family":"","ocean_menu_typo_font_subset":"","ocean_menu_typo_font_size":0,"ocean_menu_typo_font_size_tablet":0,"ocean_menu_typo_font_size_mobile":0,"ocean_menu_typo_font_size_unit":"px","ocean_menu_typo_font_weight":"","ocean_menu_typo_font_weight_tablet":"","ocean_menu_typo_font_weight_mobile":"","ocean_menu_typo_transform":"","ocean_menu_typo_transform_tablet":"","ocean_menu_typo_transform_mobile":"","ocean_menu_typo_line_height":0,"ocean_menu_typo_line_height_tablet":0,"ocean_menu_typo_line_height_mobile":0,"ocean_menu_typo_line_height_unit":"","ocean_menu_typo_spacing":0,"ocean_menu_typo_spacing_tablet":0,"ocean_menu_typo_spacing_mobile":0,"ocean_menu_typo_spacing_unit":"","ocean_menu_link_color":"","ocean_menu_link_color_hover":"","ocean_menu_link_color_active":"","ocean_menu_link_background":"","ocean_menu_link_hover_background":"","ocean_menu_link_active_background":"","ocean_menu_social_links_bg":"","ocean_menu_social_hover_links_bg":"","ocean_menu_social_links_color":"","ocean_menu_social_hover_links_color":"","ocean_disable_title":"on","ocean_disable_heading":"default","ocean_post_title":"","ocean_post_subheading":"","ocean_post_title_style":"","ocean_post_title_background_color":"","ocean_post_title_background":0,"ocean_post_title_bg_image_position":"","ocean_post_title_bg_image_attachment":"","ocean_post_title_bg_image_repeat":"","ocean_post_title_bg_image_size":"","ocean_post_title_height":0,"ocean_post_title_bg_overlay":0.5,"ocean_post_title_bg_overlay_color":"","ocean_disable_breadcrumbs":"default","ocean_breadcrumbs_color":"","ocean_breadcrumbs_separator_color":"","ocean_breadcrumbs_links_color":"","ocean_breadcrumbs_links_hover_color":"","ocean_display_footer_widgets":"default","ocean_display_footer_bottom":"default","ocean_custom_footer_template":"","footnotes":""},"class_list":["post-75","page","type-page","status-publish","hentry","entry"],"_links":{"self":[{"href":"https:\/\/schuleanderfeuerwache.com\/index.php?rest_route=\/wp\/v2\/pages\/75","targetHints":{"allow":["GET"]}}],"collection":[{"href":"https:\/\/schuleanderfeuerwache.com\/index.php?rest_route=\/wp\/v2\/pages"}],"about":[{"href":"https:\/\/schuleanderfeuerwache.com\/index.php?rest_route=\/wp\/v2\/types\/page"}],"author":[{"embeddable":true,"href":"https:\/\/schuleanderfeuerwache.com\/index.php?rest_route=\/wp\/v2\/users\/1"}],"replies":[{"embeddable":true,"href":"https:\/\/schuleanderfeuerwache.com\/index.php?rest_route=%2Fwp%2Fv2%2Fcomments&post=75"}],"version-history":[{"count":109,"href":"https:\/\/schuleanderfeuerwache.com\/index.php?rest_route=\/wp\/v2\/pages\/75\/revisions"}],"predecessor-version":[{"id":913,"href":"https:\/\/schuleanderfeuerwache.com\/index.php?rest_route=\/wp\/v2\/pages\/75\/revisions\/913"}],"wp:attachment":[{"href":"https:\/\/schuleanderfeuerwache.com\/index.php?rest_route=%2Fwp%2Fv2%2Fmedia&parent=75"}],"curies":[{"name":"wp","href":"https:\/\/api.w.org\/{rel}","templated":true}]}}