{"id":756,"date":"2025-12-01T08:45:42","date_gmt":"2025-12-01T08:45:42","guid":{"rendered":"https:\/\/schuleanderfeuerwache.com\/?page_id=756"},"modified":"2025-12-02T16:42:05","modified_gmt":"2025-12-02T16:42:05","slug":"uebergang-zur-oberschule","status":"publish","type":"page","link":"https:\/\/schuleanderfeuerwache.com\/?page_id=756","title":{"rendered":"\u00dcbergang zur Oberschule"},"content":{"rendered":"\n<div class=\"wp-block-buttons is-content-justification-center is-layout-flex wp-container-core-buttons-is-layout-16018d1d wp-block-buttons-is-layout-flex\">\n<div class=\"wp-block-button is-style-fill\"><a class=\"wp-block-button__link has-text-align-center wp-element-button\">Informationen von Senatsverwaltung f\u00fcr Bildung, Jugend &amp; Sport<\/a><\/div>\n<\/div>\n\n\n\n<div style=\"height:100px\" aria-hidden=\"true\" class=\"wp-block-spacer\"><\/div>\n\n\n\n<div class=\"wp-block-buttons is-content-justification-center is-layout-flex wp-container-core-buttons-is-layout-16018d1d wp-block-buttons-is-layout-flex\">\n<div class=\"wp-block-button\"><a class=\"wp-block-button__link has-text-align-center wp-element-button\">Informationen des Bezirksamts Treptow-K\u00f6penick<\/a><\/div>\n<\/div>\n\n\n\n<div style=\"height:100px\" aria-hidden=\"true\" class=\"wp-block-spacer\"><\/div>\n\n\n\n<p><strong>Wie erfolgt die Anmeldung f\u00fcr die weiterf\u00fchrende Schule zur 7. Klasse?<\/strong><\/p>\n\n\n\n<p>Der \u00dcbergang von der Primarstufe in die Jahrgangsstufe 7 der Sekundarstufe I ist ein herausfordernder Schritt im Leben einer Sch\u00fclerin oder eines Sch\u00fclers. Bitte begleiten Sie Ihr Kind gut dabei. Um Sie in diesem Schritt bestm\u00f6glich zu unterst\u00fctzen, werden im Folgenden die wesentlichen Schritte und Bedingungen zum \u00dcbergangsverfahren in die 7. Klasse dargestellt und erl\u00e4utert.<\/p>\n\n\n\n<h3 class=\"wp-block-heading\">Kein Probejahr mehr am Gymnasium<\/h3>\n\n\n\n<p>Zum \u00dcbergangsverfahren in das Schuljahr 2026\/2027 werden nun die ge\u00e4nderten Aufnahmebedingungen mit der Feststellung der Eignung f\u00fcr das Gymnasium vollst\u00e4ndig umgesetzt. Das bedeutet, dass Ihr Kind nur an ein Gymnasium wechseln kann, wenn es seine Eignung nachweist. Damit ist gemeint, dass Ihr Kind bereits in der 6. Klasse sprachliche, mathematische und personale Kompetenzen zeigt, die f\u00fcr ein Weiterlernen am Gymnasium ab Klasse 7 notwendig sind. Diese Eignung kann entweder durch die F\u00f6rderprognose nachgewiesen werden oder durch das Bestehen des Probeunterrichts.<\/p>\n\n\n\n<figure class=\"wp-block-table\"><table class=\"has-fixed-layout\"><tbody><tr><td>Datum<\/td><td>Anliegen<\/td><\/tr><tr><td>bis 24.01.2026<\/td><td><strong>Verbindliches Beratungsgespr\u00e4ch<\/strong>&nbsp;mit den Eltern an der Grundschule<\/td><\/tr><tr><td>30.01.2026<\/td><td>Aush\u00e4ndigung der&nbsp;<strong>F\u00f6rderprognose<\/strong>&nbsp;und des Formulars zur Anmeldung an die weiterf\u00fchrende Schule und ggf. zum Probeunterricht am Gymnasium mit dem Zeugnis<\/td><\/tr><tr><td>09.02.2026 &#8211; 10.02.2026<\/td><td><strong>Anmeldung zum Probeunterricht<\/strong>&nbsp;am Gymnasium zur Eignungsfeststellung bei Notensumme unter 14 in der F\u00f6rderprognose<\/td><\/tr><tr><td>20.02.2026<\/td><td><strong>Probeunterricht am Gymnasium<\/strong><\/td><\/tr><tr><td>05.03.2026 &#8211; 12.03.2026<\/td><td><strong>Anmeldung an der Erstwunschschule<\/strong>, Angabe von Zweit- und Drittwunschschule m\u00f6glich<\/td><\/tr><tr><td>10.06.2026<\/td><td><strong>Versand der Bescheide \u00fcber Aufnahme oder Nichtaufnahme<\/strong>&nbsp;an Erst- bzw. Zweit- oder Drittwunschschule<\/td><\/tr><tr><td>bis 22.06.2026<\/td><td>Anmeldung an der durch das Schulamt angebotenen Schule der gew\u00fcnschten Schulart, wenn keine der drei Wunschschulen Ihr Kind aufnehmen kann<\/td><\/tr><tr><td>bis 24.06.2026<\/td><td>Versand der Zuweisungsbescheide des Schulamts an die Eltern<\/td><\/tr><\/tbody><\/table><\/figure>\n\n\n\n<p>Die Eignungsfeststellung f\u00fcr das Gymnasium wird in Teil 1 der F\u00f6rderprognose ausgewiesen, wenn in den F\u00e4chern Deutsch, Mathematik und 1. Fremdsprache die Notensumme 14 aus den Noten des zweiten Halbjahres der 5. Klasse und des ersten Halbjahres der 6. Klasse nicht \u00fcberschritten wird. Falls Sie Ihr Kind an einem Gymnasium anmelden m\u00f6chten, obwohl die Eignung durch die Notensumme auf der F\u00f6rderprognose nicht festgestellt wurde, m\u00fcssen Sie Ihr Kind freiwillig&nbsp;<strong>am 9. oder 10. Februar 2026<\/strong>&nbsp;f\u00fcr einen&nbsp;<strong>Probeunterricht am 20. Februar 2026<\/strong>&nbsp;bei der zuletzt besuchten Grundschule oder Gemeinschaftsschule anmelden. Dies gilt auch f\u00fcr Kinder, deren Geschwister bereits an einem Gymnasium beschult werden.<\/p>\n\n\n\n<p><strong>Der Probeunterricht ist eine Eignungsfeststellung und findet grunds\u00e4tzlich an einem Gymnasium des Bezirkes statt<\/strong>, in dem die zuletzt besuchte Grund- oder Gemeinschaftsschule gelegen ist. Er wird berlinweit einheitlich durchgef\u00fchrt und umfasst schriftliche Leistungen in den F\u00e4chern Deutsch und Mathematik sowie \u00fcberfachliche Kompetenzen, die f\u00fcr einen Lernerfolg am Gymnasium erforderlich sind. Detaillierte Informationen zum Ablauf des Probeunterrichtes k\u00f6nnen Sie&nbsp;<a href=\"https:\/\/www.berlin.de\/sen\/bildung\/schule\/bildungswege\/uebergang-weiterfuehrende-schule\/probeunterricht\/\">den FAQs entnehmen<\/a>. Den abschlie\u00dfenden Bescheid \u00fcber die Eignung bzw. Nichteignung, der von der Schulaufsichtsbeh\u00f6rde ausgestellt wird, bekommen Sie zu Beginn des Anmeldezeitraumes durch die zuletzt besuchte Grund- oder Gemeinschaftsschule ausgeh\u00e4ndigt.<\/p>\n\n\n\n<p><strong>Der Anmeldezeitraum f\u00fcr den \u00dcbergang in die Jahrgangsstufe 7 an weiterf\u00fchrenden Schulen ist vom 5. bis 12. M\u00e4rz 2026. In dieser Zeit melden die Eltern ihr Kind in der Erstwunschschule an. Sie k\u00f6nnen auch einen Zweit- und Drittwunsch angeben.<\/strong><\/p>\n\n\n\n<p>Bei der Anmeldung m\u00fcssen der Anmeldebogen und die F\u00f6rderprognose vorgelegt werden. Bei der Anmeldung am Gymnasium mit einer Notensumme \u00fcber 14 \u2013 ber\u00fccksichtigt werden die F\u00e4cher Deutsch, Mathematik und 1. Fremdsprache aus den Zeugnissen des zweiten Halbjahres der 5. Jahrgangsstufe und des ersten Halbjahres der 6. Jahrgangsstufe \u2013 muss der Anmeldung die Bescheinigung \u00fcber den bestandenen Probeunterricht beiliegen.<\/p>\n\n\n\n<p>Eine Ausnahme im \u00dcbergangsverfahren stellt die&nbsp;<strong>Gemeinschaftsschule<\/strong>&nbsp;dar, da hier das Grundprinzip des langen gemeinsamen Lernen gilt. Dies umfasst vor allem den bruchlosen \u00dcbergang von der Primarstufe in die Sekundarstufe I an derselben Schule. Besucht Ihr Kind die Primarstufe einer Gemeinschaftsschule, verbleibt ihr Kind im Wechsel von der 6. zur 7. Jahrgangsstufe, ohne dass Sie weitere Schritte unternehmen m\u00fcssen an der Schule. Die Erstellung einer F\u00f6rderprognose und eines Anmeldebogens ist nur dann vorgesehen, wenn Sie im \u00dcbergang einen Wechselwunsch an eine andere weiterf\u00fchrende Schule haben und diesen in der Schule geltend machen. Bitte beachten Sie, dass Sie mit der Wahl einer anderen weiterf\u00fchrenden Schule als Erst-, Zweit- oder Drittwunsch auf dem Anmeldebogen den Anspruch auf den Schulplatz in der 7. Jahrgangsstufe an Ihrer bisherigen Gemeinschaftsschule verlieren und regul\u00e4r am \u00dcbergangsverfahren teilnehmen.<\/p>\n\n\n\n<figure class=\"wp-block-image size-large\"><img loading=\"lazy\" decoding=\"async\" width=\"775\" height=\"1024\" src=\"https:\/\/schuleanderfeuerwache.com\/wp-content\/uploads\/2025\/12\/Screenshot-2025-12-02-at-17.04.49-775x1024.png\" alt=\"\" class=\"wp-image-765\" srcset=\"https:\/\/schuleanderfeuerwache.com\/wp-content\/uploads\/2025\/12\/Screenshot-2025-12-02-at-17.04.49-775x1024.png 775w, https:\/\/schuleanderfeuerwache.com\/wp-content\/uploads\/2025\/12\/Screenshot-2025-12-02-at-17.04.49-227x300.png 227w, https:\/\/schuleanderfeuerwache.com\/wp-content\/uploads\/2025\/12\/Screenshot-2025-12-02-at-17.04.49-768x1015.png 768w, https:\/\/schuleanderfeuerwache.com\/wp-content\/uploads\/2025\/12\/Screenshot-2025-12-02-at-17.04.49-1162x1536.png 1162w, https:\/\/schuleanderfeuerwache.com\/wp-content\/uploads\/2025\/12\/Screenshot-2025-12-02-at-17.04.49.png 1454w\" sizes=\"auto, (max-width: 775px) 100vw, 775px\" \/><figcaption class=\"wp-element-caption\"><a href=\"https:\/\/www.berlin.de\/sen\/bildung\/schule\/bildungswege\/uebergang-weiterfuehrende-schule\/wohin_nach_der_grundschule.pdf?ts=1762762669\">Auszug aus der Brosch\u00fcre &#8222;Wohin nach der Grundschule&#8220;; SenBJF<\/a><\/figcaption><\/figure>\n\n\n\n<p><\/p>\n","protected":false},"excerpt":{"rendered":"<p>Wie erfolgt die Anmeldung f\u00fcr die weiterf\u00fchrende Schule zur 7. Klasse? Der \u00dcbergang von der Primarstufe in die Jahrgangsstufe 7 der Sekundarstufe I ist ein herausfordernder Schritt im Leben einer Sch\u00fclerin oder eines Sch\u00fclers. Bitte begleiten Sie Ihr Kind gut dabei. Um Sie in diesem Schritt bestm\u00f6glich zu unterst\u00fctzen, werden im Folgenden die wesentlichen Schritte [&hellip;]<\/p>\n","protected":false},"author":1,"featured_media":0,"parent":0,"menu_order":0,"comment_status":"closed","ping_status":"closed","template":"","meta":{"ocean_post_layout":"","ocean_both_sidebars_style":"","ocean_both_sidebars_content_width":0,"ocean_both_sidebars_sidebars_width":0,"ocean_sidebar":"","ocean_second_sidebar":"","ocean_disable_margins":"enable","ocean_add_body_class":"","ocean_shortcode_before_top_bar":"","ocean_shortcode_after_top_bar":"","ocean_shortcode_before_header":"","ocean_shortcode_after_header":"","ocean_has_shortcode":"","ocean_shortcode_after_title":"","ocean_shortcode_before_footer_widgets":"","ocean_shortcode_after_footer_widgets":"","ocean_shortcode_before_footer_bottom":"","ocean_shortcode_after_footer_bottom":"","ocean_display_top_bar":"default","ocean_display_header":"default","ocean_header_style":"","ocean_center_header_left_menu":"","ocean_custom_header_template":"","ocean_custom_logo":0,"ocean_custom_retina_logo":0,"ocean_custom_logo_max_width":0,"ocean_custom_logo_tablet_max_width":0,"ocean_custom_logo_mobile_max_width":0,"ocean_custom_logo_max_height":0,"ocean_custom_logo_tablet_max_height":0,"ocean_custom_logo_mobile_max_height":0,"ocean_header_custom_menu":"","ocean_menu_typo_font_family":"","ocean_menu_typo_font_subset":"","ocean_menu_typo_font_size":0,"ocean_menu_typo_font_size_tablet":0,"ocean_menu_typo_font_size_mobile":0,"ocean_menu_typo_font_size_unit":"px","ocean_menu_typo_font_weight":"","ocean_menu_typo_font_weight_tablet":"","ocean_menu_typo_font_weight_mobile":"","ocean_menu_typo_transform":"","ocean_menu_typo_transform_tablet":"","ocean_menu_typo_transform_mobile":"","ocean_menu_typo_line_height":0,"ocean_menu_typo_line_height_tablet":0,"ocean_menu_typo_line_height_mobile":0,"ocean_menu_typo_line_height_unit":"","ocean_menu_typo_spacing":0,"ocean_menu_typo_spacing_tablet":0,"ocean_menu_typo_spacing_mobile":0,"ocean_menu_typo_spacing_unit":"","ocean_menu_link_color":"","ocean_menu_link_color_hover":"","ocean_menu_link_color_active":"","ocean_menu_link_background":"","ocean_menu_link_hover_background":"","ocean_menu_link_active_background":"","ocean_menu_social_links_bg":"","ocean_menu_social_hover_links_bg":"","ocean_menu_social_links_color":"","ocean_menu_social_hover_links_color":"","ocean_disable_title":"default","ocean_disable_heading":"default","ocean_post_title":"","ocean_post_subheading":"","ocean_post_title_style":"","ocean_post_title_background_color":"","ocean_post_title_background":0,"ocean_post_title_bg_image_position":"","ocean_post_title_bg_image_attachment":"","ocean_post_title_bg_image_repeat":"","ocean_post_title_bg_image_size":"","ocean_post_title_height":0,"ocean_post_title_bg_overlay":0.5,"ocean_post_title_bg_overlay_color":"","ocean_disable_breadcrumbs":"default","ocean_breadcrumbs_color":"","ocean_breadcrumbs_separator_color":"","ocean_breadcrumbs_links_color":"","ocean_breadcrumbs_links_hover_color":"","ocean_display_footer_widgets":"default","ocean_display_footer_bottom":"default","ocean_custom_footer_template":"","footnotes":""},"class_list":["post-756","page","type-page","status-publish","hentry","entry"],"_links":{"self":[{"href":"https:\/\/schuleanderfeuerwache.com\/index.php?rest_route=\/wp\/v2\/pages\/756","targetHints":{"allow":["GET"]}}],"collection":[{"href":"https:\/\/schuleanderfeuerwache.com\/index.php?rest_route=\/wp\/v2\/pages"}],"about":[{"href":"https:\/\/schuleanderfeuerwache.com\/index.php?rest_route=\/wp\/v2\/types\/page"}],"author":[{"embeddable":true,"href":"https:\/\/schuleanderfeuerwache.com\/index.php?rest_route=\/wp\/v2\/users\/1"}],"replies":[{"embeddable":true,"href":"https:\/\/schuleanderfeuerwache.com\/index.php?rest_route=%2Fwp%2Fv2%2Fcomments&post=756"}],"version-history":[{"count":7,"href":"https:\/\/schuleanderfeuerwache.com\/index.php?rest_route=\/wp\/v2\/pages\/756\/revisions"}],"predecessor-version":[{"id":767,"href":"https:\/\/schuleanderfeuerwache.com\/index.php?rest_route=\/wp\/v2\/pages\/756\/revisions\/767"}],"wp:attachment":[{"href":"https:\/\/schuleanderfeuerwache.com\/index.php?rest_route=%2Fwp%2Fv2%2Fmedia&parent=756"}],"curies":[{"name":"wp","href":"https:\/\/api.w.org\/{rel}","templated":true}]}}